{"id":413,"date":"2026-03-05T20:07:43","date_gmt":"2026-03-05T20:07:43","guid":{"rendered":"https:\/\/joklamus.is\/?post_type=product&#038;p=413"},"modified":"2026-03-05T20:12:50","modified_gmt":"2026-03-05T20:12:50","slug":"joklamus-fjolskyldupakki","status":"publish","type":"product","link":"https:\/\/joklamus.is\/index.php\/product\/joklamus-fjolskyldupakki\/","title":{"rendered":"J\u00f6klam\u00fas Fj\u00f6lskyldupakki"},"content":{"rendered":"<h4>\u00de\u00fa sparar 20%<\/h4>\n<ul>\n<li>J\u00f6klam\u00fas Gr\u00e6\u00f0ir 30 ml (st\u00f3r d\u00f3s)<\/li>\n<li>J\u00f6klam\u00fas Varagr\u00e6\u00f0ir 15 ml<\/li>\n<li>J\u00f6klam\u00fas Brj\u00f3sta og Bossakrem 15 ml<\/li>\n<\/ul>\n<p>&nbsp;<\/p>\n","protected":false},"excerpt":{"rendered":"<h4>\u00de\u00fa sparar 20%<\/h4>\n<ul>\n<li>J\u00f6klam\u00fas Gr\u00e6\u00f0ir 30 ml (st\u00f3r d\u00f3s)<\/li>\n<li>J\u00f6klam\u00fas Varagr\u00e6\u00f0ir 15 ml<\/li>\n<li>J\u00f6klam\u00fas Brj\u00f3sta og Bossakrem 15 ml<\/li>\n<\/ul>\n<p><strong>Innihald<\/strong>: Ullarfeiti, \u00edslensk repjuol\u00eda, biriki og 18 \u00edslenskar jurtir.<\/p>\n","protected":false},"featured_media":392,"comment_status":"open","ping_status":"closed","template":"","meta":[],"product_brand":[],"product_cat":[58],"product_tag":[21,61,22,20,59],"class_list":{"0":"post-413","1":"product","2":"type-product","3":"status-publish","4":"has-post-thumbnail","6":"product_cat-joklamus","7":"product_tag-brunasar","8":"product_tag-fjolskyldupakki","9":"product_tag-graedir","10":"product_tag-joklamus","11":"product_tag-sar-og-huderting","13":"first","14":"instock","15":"sale","16":"shipping-taxable","17":"purchasable","18":"product-type-simple"},"yoast_head":"<!-- This site is optimized with the Yoast SEO plugin v27.4 - https:\/\/yoast.com\/product\/yoast-seo-wordpress\/ -->\n<title>J\u00f6klam\u00fas Fj\u00f6lskyldupakki - J\u00f6klam\u00fas Gr\u00e6\u00f0ir<\/title>\n<meta name=\"robots\" content=\"index, follow, max-snippet:-1, max-image-preview:large, max-video-preview:-1\" \/>\n<link rel=\"canonical\" href=\"https:\/\/joklamus.is\/index.php\/product\/joklamus-fjolskyldupakki\/\" \/>\n<meta property=\"og:locale\" content=\"en_US\" \/>\n<meta property=\"og:type\" content=\"article\" \/>\n<meta property=\"og:title\" content=\"J\u00f6klam\u00fas Fj\u00f6lskyldupakki - J\u00f6klam\u00fas Gr\u00e6\u00f0ir\" \/>\n<meta property=\"og:description\" content=\"\u00de\u00fa sparar 20%   J\u00f6klam\u00fas Gr\u00e6\u00f0ir 30 ml (st\u00f3r d\u00f3s)  J\u00f6klam\u00fas Varagr\u00e6\u00f0ir 15 ml  J\u00f6klam\u00fas Brj\u00f3sta og Bossakrem 15 ml  Innihald: Ullarfeiti, \u00edslensk repjuol\u00eda, biriki og 18 \u00edslenskar jurtir.\" \/>\n<meta property=\"og:url\" content=\"https:\/\/joklamus.is\/index.php\/product\/joklamus-fjolskyldupakki\/\" \/>\n<meta property=\"og:site_name\" content=\"J\u00f6klam\u00fas Gr\u00e6\u00f0ir\" \/>\n<meta property=\"article:modified_time\" content=\"2026-03-05T20:12:50+00:00\" \/>\n<meta property=\"og:image\" content=\"https:\/\/joklamus.is\/wp-content\/uploads\/2022\/09\/cropped-Joklamus-Graedir-front.png\" \/>\n\t<meta property=\"og:image:width\" content=\"512\" \/>\n\t<meta property=\"og:image:height\" content=\"512\" \/>\n\t<meta property=\"og:image:type\" content=\"image\/png\" \/>\n<meta name=\"twitter:card\" content=\"summary_large_image\" \/>\n<meta name=\"twitter:label1\" content=\"Est. reading time\" \/>\n\t<meta name=\"twitter:data1\" content=\"1 minute\" \/>\n<script type=\"application\/ld+json\" class=\"yoast-schema-graph\">{\"@context\":\"https:\\\/\\\/schema.org\",\"@graph\":[{\"@type\":\"WebPage\",\"@id\":\"https:\\\/\\\/joklamus.is\\\/index.php\\\/product\\\/joklamus-fjolskyldupakki\\\/\",\"url\":\"https:\\\/\\\/joklamus.is\\\/index.php\\\/product\\\/joklamus-fjolskyldupakki\\\/\",\"name\":\"J\u00f6klam\u00fas Fj\u00f6lskyldupakki - J\u00f6klam\u00fas Gr\u00e6\u00f0ir\",\"isPartOf\":{\"@id\":\"https:\\\/\\\/joklamus.is\\\/#website\"},\"primaryImageOfPage\":{\"@id\":\"https:\\\/\\\/joklamus.is\\\/index.php\\\/product\\\/joklamus-fjolskyldupakki\\\/#primaryimage\"},\"image\":{\"@id\":\"https:\\\/\\\/joklamus.is\\\/index.php\\\/product\\\/joklamus-fjolskyldupakki\\\/#primaryimage\"},\"thumbnailUrl\":\"https:\\\/\\\/joklamus.is\\\/wp-content\\\/uploads\\\/2022\\\/09\\\/cropped-Joklamus-Graedir-front.png\",\"datePublished\":\"2026-03-05T20:07:43+00:00\",\"dateModified\":\"2026-03-05T20:12:50+00:00\",\"breadcrumb\":{\"@id\":\"https:\\\/\\\/joklamus.is\\\/index.php\\\/product\\\/joklamus-fjolskyldupakki\\\/#breadcrumb\"},\"inLanguage\":\"en-US\",\"potentialAction\":[{\"@type\":\"ReadAction\",\"target\":[\"https:\\\/\\\/joklamus.is\\\/index.php\\\/product\\\/joklamus-fjolskyldupakki\\\/\"]}]},{\"@type\":\"ImageObject\",\"inLanguage\":\"en-US\",\"@id\":\"https:\\\/\\\/joklamus.is\\\/index.php\\\/product\\\/joklamus-fjolskyldupakki\\\/#primaryimage\",\"url\":\"https:\\\/\\\/joklamus.is\\\/wp-content\\\/uploads\\\/2022\\\/09\\\/cropped-Joklamus-Graedir-front.png\",\"contentUrl\":\"https:\\\/\\\/joklamus.is\\\/wp-content\\\/uploads\\\/2022\\\/09\\\/cropped-Joklamus-Graedir-front.png\",\"width\":512,\"height\":512,\"caption\":\"J\u00f6klam\u00fas Gr\u00e6\u00f0ir\"},{\"@type\":\"BreadcrumbList\",\"@id\":\"https:\\\/\\\/joklamus.is\\\/index.php\\\/product\\\/joklamus-fjolskyldupakki\\\/#breadcrumb\",\"itemListElement\":[{\"@type\":\"ListItem\",\"position\":1,\"name\":\"Home\",\"item\":\"https:\\\/\\\/joklamus.is\\\/\"},{\"@type\":\"ListItem\",\"position\":2,\"name\":\"Shop\",\"item\":\"https:\\\/\\\/joklamus.is\\\/index.php\\\/shop\\\/\"},{\"@type\":\"ListItem\",\"position\":3,\"name\":\"J\u00f6klam\u00fas Fj\u00f6lskyldupakki\"}]},{\"@type\":\"WebSite\",\"@id\":\"https:\\\/\\\/joklamus.is\\\/#website\",\"url\":\"https:\\\/\\\/joklamus.is\\\/\",\"name\":\"J\u00f6klam\u00fas Gr\u00e6\u00f0ir\",\"description\":\"N\u00e1tt\u00farulegur Gr\u00e6\u00f0ir fyrir Brunas\u00e1r og Varir\",\"potentialAction\":[{\"@type\":\"SearchAction\",\"target\":{\"@type\":\"EntryPoint\",\"urlTemplate\":\"https:\\\/\\\/joklamus.is\\\/?s={search_term_string}\"},\"query-input\":{\"@type\":\"PropertyValueSpecification\",\"valueRequired\":true,\"valueName\":\"search_term_string\"}}],\"inLanguage\":\"en-US\"}]}<\/script>\n<!-- \/ Yoast SEO plugin. -->","yoast_head_json":{"title":"J\u00f6klam\u00fas Fj\u00f6lskyldupakki - J\u00f6klam\u00fas Gr\u00e6\u00f0ir","robots":{"index":"index","follow":"follow","max-snippet":"max-snippet:-1","max-image-preview":"max-image-preview:large","max-video-preview":"max-video-preview:-1"},"canonical":"https:\/\/joklamus.is\/index.php\/product\/joklamus-fjolskyldupakki\/","og_locale":"en_US","og_type":"article","og_title":"J\u00f6klam\u00fas Fj\u00f6lskyldupakki - J\u00f6klam\u00fas Gr\u00e6\u00f0ir","og_description":"\u00de\u00fa sparar 20%   J\u00f6klam\u00fas Gr\u00e6\u00f0ir 30 ml (st\u00f3r d\u00f3s)  J\u00f6klam\u00fas Varagr\u00e6\u00f0ir 15 ml  J\u00f6klam\u00fas Brj\u00f3sta og Bossakrem 15 ml  Innihald: Ullarfeiti, \u00edslensk repjuol\u00eda, biriki og 18 \u00edslenskar jurtir.","og_url":"https:\/\/joklamus.is\/index.php\/product\/joklamus-fjolskyldupakki\/","og_site_name":"J\u00f6klam\u00fas Gr\u00e6\u00f0ir","article_modified_time":"2026-03-05T20:12:50+00:00","og_image":[{"width":512,"height":512,"url":"https:\/\/joklamus.is\/wp-content\/uploads\/2022\/09\/cropped-Joklamus-Graedir-front.png","type":"image\/png"}],"twitter_card":"summary_large_image","twitter_misc":{"Est. reading time":"1 minute"},"schema":{"@context":"https:\/\/schema.org","@graph":[{"@type":"WebPage","@id":"https:\/\/joklamus.is\/index.php\/product\/joklamus-fjolskyldupakki\/","url":"https:\/\/joklamus.is\/index.php\/product\/joklamus-fjolskyldupakki\/","name":"J\u00f6klam\u00fas Fj\u00f6lskyldupakki - J\u00f6klam\u00fas Gr\u00e6\u00f0ir","isPartOf":{"@id":"https:\/\/joklamus.is\/#website"},"primaryImageOfPage":{"@id":"https:\/\/joklamus.is\/index.php\/product\/joklamus-fjolskyldupakki\/#primaryimage"},"image":{"@id":"https:\/\/joklamus.is\/index.php\/product\/joklamus-fjolskyldupakki\/#primaryimage"},"thumbnailUrl":"https:\/\/joklamus.is\/wp-content\/uploads\/2022\/09\/cropped-Joklamus-Graedir-front.png","datePublished":"2026-03-05T20:07:43+00:00","dateModified":"2026-03-05T20:12:50+00:00","breadcrumb":{"@id":"https:\/\/joklamus.is\/index.php\/product\/joklamus-fjolskyldupakki\/#breadcrumb"},"inLanguage":"en-US","potentialAction":[{"@type":"ReadAction","target":["https:\/\/joklamus.is\/index.php\/product\/joklamus-fjolskyldupakki\/"]}]},{"@type":"ImageObject","inLanguage":"en-US","@id":"https:\/\/joklamus.is\/index.php\/product\/joklamus-fjolskyldupakki\/#primaryimage","url":"https:\/\/joklamus.is\/wp-content\/uploads\/2022\/09\/cropped-Joklamus-Graedir-front.png","contentUrl":"https:\/\/joklamus.is\/wp-content\/uploads\/2022\/09\/cropped-Joklamus-Graedir-front.png","width":512,"height":512,"caption":"J\u00f6klam\u00fas Gr\u00e6\u00f0ir"},{"@type":"BreadcrumbList","@id":"https:\/\/joklamus.is\/index.php\/product\/joklamus-fjolskyldupakki\/#breadcrumb","itemListElement":[{"@type":"ListItem","position":1,"name":"Home","item":"https:\/\/joklamus.is\/"},{"@type":"ListItem","position":2,"name":"Shop","item":"https:\/\/joklamus.is\/index.php\/shop\/"},{"@type":"ListItem","position":3,"name":"J\u00f6klam\u00fas Fj\u00f6lskyldupakki"}]},{"@type":"WebSite","@id":"https:\/\/joklamus.is\/#website","url":"https:\/\/joklamus.is\/","name":"J\u00f6klam\u00fas Gr\u00e6\u00f0ir","description":"N\u00e1tt\u00farulegur Gr\u00e6\u00f0ir fyrir Brunas\u00e1r og Varir","potentialAction":[{"@type":"SearchAction","target":{"@type":"EntryPoint","urlTemplate":"https:\/\/joklamus.is\/?s={search_term_string}"},"query-input":{"@type":"PropertyValueSpecification","valueRequired":true,"valueName":"search_term_string"}}],"inLanguage":"en-US"}]}},"_links":{"self":[{"href":"https:\/\/joklamus.is\/index.php\/wp-json\/wp\/v2\/product\/413","targetHints":{"allow":["GET"]}}],"collection":[{"href":"https:\/\/joklamus.is\/index.php\/wp-json\/wp\/v2\/product"}],"about":[{"href":"https:\/\/joklamus.is\/index.php\/wp-json\/wp\/v2\/types\/product"}],"replies":[{"embeddable":true,"href":"https:\/\/joklamus.is\/index.php\/wp-json\/wp\/v2\/comments?post=413"}],"wp:featuredmedia":[{"embeddable":true,"href":"https:\/\/joklamus.is\/index.php\/wp-json\/wp\/v2\/media\/392"}],"wp:attachment":[{"href":"https:\/\/joklamus.is\/index.php\/wp-json\/wp\/v2\/media?parent=413"}],"wp:term":[{"taxonomy":"product_brand","embeddable":true,"href":"https:\/\/joklamus.is\/index.php\/wp-json\/wp\/v2\/product_brand?post=413"},{"taxonomy":"product_cat","embeddable":true,"href":"https:\/\/joklamus.is\/index.php\/wp-json\/wp\/v2\/product_cat?post=413"},{"taxonomy":"product_tag","embeddable":true,"href":"https:\/\/joklamus.is\/index.php\/wp-json\/wp\/v2\/product_tag?post=413"}],"curies":[{"name":"wp","href":"https:\/\/api.w.org\/{rel}","templated":true}]}}