{"id":143,"date":"2022-09-25T13:00:09","date_gmt":"2022-09-25T13:00:09","guid":{"rendered":"https:\/\/joklamus.is\/?post_type=product&#038;p=143"},"modified":"2026-03-05T20:01:06","modified_gmt":"2026-03-05T20:01:06","slug":"joklamus-graedir-15-ml","status":"publish","type":"product","link":"https:\/\/joklamus.is\/index.php\/product\/joklamus-graedir-15-ml\/","title":{"rendered":"J\u00f6klam\u00fas Gr\u00e6\u00f0ir 15 ml"},"content":{"rendered":"<p>Alhli\u00f0a gr\u00e6\u00f0ir fyrir bruna-, nudd- og legus\u00e1r. Virkar vel \u00e1 \u00feurkbletti og s\u00e9rlega g\u00f3\u00f0ur til a\u00f0 gr\u00e6\u00f0a brunas\u00e1r eftir gervigras. (Turf burn).<\/p>\n","protected":false},"excerpt":{"rendered":"<p>Alhli\u00f0a gr\u00e6\u00f0ir fyrir bruna-, nudd- og legus\u00e1r. Virkar vel \u00e1 \u00feurkbletti og s\u00e9rlega g\u00f3\u00f0ur til a\u00f0 gr\u00e6\u00f0a brunas\u00e1r eftir gervigras. (Turf burn).<\/p>\n","protected":false},"featured_media":170,"comment_status":"open","ping_status":"closed","template":"","meta":[],"product_brand":[],"product_cat":[58],"product_tag":[21,22,20],"class_list":{"0":"post-143","1":"product","2":"type-product","3":"status-publish","4":"has-post-thumbnail","6":"product_cat-joklamus","7":"product_tag-brunasar","8":"product_tag-graedir","9":"product_tag-joklamus","11":"first","12":"instock","13":"shipping-taxable","14":"purchasable","15":"product-type-simple"},"yoast_head":"<!-- This site is optimized with the Yoast SEO plugin v27.4 - https:\/\/yoast.com\/product\/yoast-seo-wordpress\/ -->\n<title>J\u00f6klam\u00fas Gr\u00e6\u00f0ir 15 ml - J\u00f6klam\u00fas Gr\u00e6\u00f0ir<\/title>\n<meta name=\"robots\" content=\"index, follow, max-snippet:-1, max-image-preview:large, max-video-preview:-1\" \/>\n<link rel=\"canonical\" href=\"https:\/\/joklamus.is\/index.php\/product\/joklamus-graedir-15-ml\/\" \/>\n<meta property=\"og:locale\" content=\"en_US\" \/>\n<meta property=\"og:type\" content=\"article\" \/>\n<meta property=\"og:title\" content=\"J\u00f6klam\u00fas Gr\u00e6\u00f0ir 15 ml - J\u00f6klam\u00fas Gr\u00e6\u00f0ir\" \/>\n<meta property=\"og:description\" content=\"Alhli\u00f0a gr\u00e6\u00f0ir fyrir bruna-, nudd- og legus\u00e1r. Virkar vel \u00e1 \u00feurkbletti og s\u00e9rlega g\u00f3\u00f0ur til a\u00f0 gr\u00e6\u00f0a brunas\u00e1r eftir gervigras. (Turf burn).\" \/>\n<meta property=\"og:url\" content=\"https:\/\/joklamus.is\/index.php\/product\/joklamus-graedir-15-ml\/\" \/>\n<meta property=\"og:site_name\" content=\"J\u00f6klam\u00fas Gr\u00e6\u00f0ir\" \/>\n<meta property=\"article:modified_time\" content=\"2026-03-05T20:01:06+00:00\" \/>\n<meta property=\"og:image\" content=\"https:\/\/joklamus.is\/wp-content\/uploads\/2022\/09\/Joklamus-Graedir-front.png\" \/>\n\t<meta property=\"og:image:width\" content=\"1080\" \/>\n\t<meta property=\"og:image:height\" content=\"1080\" \/>\n\t<meta property=\"og:image:type\" content=\"image\/png\" \/>\n<meta name=\"twitter:card\" content=\"summary_large_image\" \/>\n<meta name=\"twitter:label1\" content=\"Est. reading time\" \/>\n\t<meta name=\"twitter:data1\" content=\"1 minute\" \/>\n<script type=\"application\/ld+json\" class=\"yoast-schema-graph\">{\"@context\":\"https:\\\/\\\/schema.org\",\"@graph\":[{\"@type\":\"WebPage\",\"@id\":\"https:\\\/\\\/joklamus.is\\\/index.php\\\/product\\\/joklamus-graedir-15-ml\\\/\",\"url\":\"https:\\\/\\\/joklamus.is\\\/index.php\\\/product\\\/joklamus-graedir-15-ml\\\/\",\"name\":\"J\u00f6klam\u00fas Gr\u00e6\u00f0ir 15 ml - J\u00f6klam\u00fas Gr\u00e6\u00f0ir\",\"isPartOf\":{\"@id\":\"https:\\\/\\\/joklamus.is\\\/#website\"},\"primaryImageOfPage\":{\"@id\":\"https:\\\/\\\/joklamus.is\\\/index.php\\\/product\\\/joklamus-graedir-15-ml\\\/#primaryimage\"},\"image\":{\"@id\":\"https:\\\/\\\/joklamus.is\\\/index.php\\\/product\\\/joklamus-graedir-15-ml\\\/#primaryimage\"},\"thumbnailUrl\":\"https:\\\/\\\/joklamus.is\\\/wp-content\\\/uploads\\\/2022\\\/09\\\/Joklamus-Graedir-front.png\",\"datePublished\":\"2022-09-25T13:00:09+00:00\",\"dateModified\":\"2026-03-05T20:01:06+00:00\",\"breadcrumb\":{\"@id\":\"https:\\\/\\\/joklamus.is\\\/index.php\\\/product\\\/joklamus-graedir-15-ml\\\/#breadcrumb\"},\"inLanguage\":\"en-US\",\"potentialAction\":[{\"@type\":\"ReadAction\",\"target\":[\"https:\\\/\\\/joklamus.is\\\/index.php\\\/product\\\/joklamus-graedir-15-ml\\\/\"]}]},{\"@type\":\"ImageObject\",\"inLanguage\":\"en-US\",\"@id\":\"https:\\\/\\\/joklamus.is\\\/index.php\\\/product\\\/joklamus-graedir-15-ml\\\/#primaryimage\",\"url\":\"https:\\\/\\\/joklamus.is\\\/wp-content\\\/uploads\\\/2022\\\/09\\\/Joklamus-Graedir-front.png\",\"contentUrl\":\"https:\\\/\\\/joklamus.is\\\/wp-content\\\/uploads\\\/2022\\\/09\\\/Joklamus-Graedir-front.png\",\"width\":1080,\"height\":1080,\"caption\":\"J\u00f6klam\u00fas Gr\u00e6\u00f0ir\"},{\"@type\":\"BreadcrumbList\",\"@id\":\"https:\\\/\\\/joklamus.is\\\/index.php\\\/product\\\/joklamus-graedir-15-ml\\\/#breadcrumb\",\"itemListElement\":[{\"@type\":\"ListItem\",\"position\":1,\"name\":\"Home\",\"item\":\"https:\\\/\\\/joklamus.is\\\/\"},{\"@type\":\"ListItem\",\"position\":2,\"name\":\"Shop\",\"item\":\"https:\\\/\\\/joklamus.is\\\/index.php\\\/shop\\\/\"},{\"@type\":\"ListItem\",\"position\":3,\"name\":\"J\u00f6klam\u00fas Gr\u00e6\u00f0ir 15 ml\"}]},{\"@type\":\"WebSite\",\"@id\":\"https:\\\/\\\/joklamus.is\\\/#website\",\"url\":\"https:\\\/\\\/joklamus.is\\\/\",\"name\":\"J\u00f6klam\u00fas Gr\u00e6\u00f0ir\",\"description\":\"N\u00e1tt\u00farulegur Gr\u00e6\u00f0ir fyrir Brunas\u00e1r og Varir\",\"potentialAction\":[{\"@type\":\"SearchAction\",\"target\":{\"@type\":\"EntryPoint\",\"urlTemplate\":\"https:\\\/\\\/joklamus.is\\\/?s={search_term_string}\"},\"query-input\":{\"@type\":\"PropertyValueSpecification\",\"valueRequired\":true,\"valueName\":\"search_term_string\"}}],\"inLanguage\":\"en-US\"}]}<\/script>\n<!-- \/ Yoast SEO plugin. -->","yoast_head_json":{"title":"J\u00f6klam\u00fas Gr\u00e6\u00f0ir 15 ml - J\u00f6klam\u00fas Gr\u00e6\u00f0ir","robots":{"index":"index","follow":"follow","max-snippet":"max-snippet:-1","max-image-preview":"max-image-preview:large","max-video-preview":"max-video-preview:-1"},"canonical":"https:\/\/joklamus.is\/index.php\/product\/joklamus-graedir-15-ml\/","og_locale":"en_US","og_type":"article","og_title":"J\u00f6klam\u00fas Gr\u00e6\u00f0ir 15 ml - J\u00f6klam\u00fas Gr\u00e6\u00f0ir","og_description":"Alhli\u00f0a gr\u00e6\u00f0ir fyrir bruna-, nudd- og legus\u00e1r. Virkar vel \u00e1 \u00feurkbletti og s\u00e9rlega g\u00f3\u00f0ur til a\u00f0 gr\u00e6\u00f0a brunas\u00e1r eftir gervigras. (Turf burn).","og_url":"https:\/\/joklamus.is\/index.php\/product\/joklamus-graedir-15-ml\/","og_site_name":"J\u00f6klam\u00fas Gr\u00e6\u00f0ir","article_modified_time":"2026-03-05T20:01:06+00:00","og_image":[{"width":1080,"height":1080,"url":"https:\/\/joklamus.is\/wp-content\/uploads\/2022\/09\/Joklamus-Graedir-front.png","type":"image\/png"}],"twitter_card":"summary_large_image","twitter_misc":{"Est. reading time":"1 minute"},"schema":{"@context":"https:\/\/schema.org","@graph":[{"@type":"WebPage","@id":"https:\/\/joklamus.is\/index.php\/product\/joklamus-graedir-15-ml\/","url":"https:\/\/joklamus.is\/index.php\/product\/joklamus-graedir-15-ml\/","name":"J\u00f6klam\u00fas Gr\u00e6\u00f0ir 15 ml - J\u00f6klam\u00fas Gr\u00e6\u00f0ir","isPartOf":{"@id":"https:\/\/joklamus.is\/#website"},"primaryImageOfPage":{"@id":"https:\/\/joklamus.is\/index.php\/product\/joklamus-graedir-15-ml\/#primaryimage"},"image":{"@id":"https:\/\/joklamus.is\/index.php\/product\/joklamus-graedir-15-ml\/#primaryimage"},"thumbnailUrl":"https:\/\/joklamus.is\/wp-content\/uploads\/2022\/09\/Joklamus-Graedir-front.png","datePublished":"2022-09-25T13:00:09+00:00","dateModified":"2026-03-05T20:01:06+00:00","breadcrumb":{"@id":"https:\/\/joklamus.is\/index.php\/product\/joklamus-graedir-15-ml\/#breadcrumb"},"inLanguage":"en-US","potentialAction":[{"@type":"ReadAction","target":["https:\/\/joklamus.is\/index.php\/product\/joklamus-graedir-15-ml\/"]}]},{"@type":"ImageObject","inLanguage":"en-US","@id":"https:\/\/joklamus.is\/index.php\/product\/joklamus-graedir-15-ml\/#primaryimage","url":"https:\/\/joklamus.is\/wp-content\/uploads\/2022\/09\/Joklamus-Graedir-front.png","contentUrl":"https:\/\/joklamus.is\/wp-content\/uploads\/2022\/09\/Joklamus-Graedir-front.png","width":1080,"height":1080,"caption":"J\u00f6klam\u00fas Gr\u00e6\u00f0ir"},{"@type":"BreadcrumbList","@id":"https:\/\/joklamus.is\/index.php\/product\/joklamus-graedir-15-ml\/#breadcrumb","itemListElement":[{"@type":"ListItem","position":1,"name":"Home","item":"https:\/\/joklamus.is\/"},{"@type":"ListItem","position":2,"name":"Shop","item":"https:\/\/joklamus.is\/index.php\/shop\/"},{"@type":"ListItem","position":3,"name":"J\u00f6klam\u00fas Gr\u00e6\u00f0ir 15 ml"}]},{"@type":"WebSite","@id":"https:\/\/joklamus.is\/#website","url":"https:\/\/joklamus.is\/","name":"J\u00f6klam\u00fas Gr\u00e6\u00f0ir","description":"N\u00e1tt\u00farulegur Gr\u00e6\u00f0ir fyrir Brunas\u00e1r og Varir","potentialAction":[{"@type":"SearchAction","target":{"@type":"EntryPoint","urlTemplate":"https:\/\/joklamus.is\/?s={search_term_string}"},"query-input":{"@type":"PropertyValueSpecification","valueRequired":true,"valueName":"search_term_string"}}],"inLanguage":"en-US"}]}},"_links":{"self":[{"href":"https:\/\/joklamus.is\/index.php\/wp-json\/wp\/v2\/product\/143","targetHints":{"allow":["GET"]}}],"collection":[{"href":"https:\/\/joklamus.is\/index.php\/wp-json\/wp\/v2\/product"}],"about":[{"href":"https:\/\/joklamus.is\/index.php\/wp-json\/wp\/v2\/types\/product"}],"replies":[{"embeddable":true,"href":"https:\/\/joklamus.is\/index.php\/wp-json\/wp\/v2\/comments?post=143"}],"wp:featuredmedia":[{"embeddable":true,"href":"https:\/\/joklamus.is\/index.php\/wp-json\/wp\/v2\/media\/170"}],"wp:attachment":[{"href":"https:\/\/joklamus.is\/index.php\/wp-json\/wp\/v2\/media?parent=143"}],"wp:term":[{"taxonomy":"product_brand","embeddable":true,"href":"https:\/\/joklamus.is\/index.php\/wp-json\/wp\/v2\/product_brand?post=143"},{"taxonomy":"product_cat","embeddable":true,"href":"https:\/\/joklamus.is\/index.php\/wp-json\/wp\/v2\/product_cat?post=143"},{"taxonomy":"product_tag","embeddable":true,"href":"https:\/\/joklamus.is\/index.php\/wp-json\/wp\/v2\/product_tag?post=143"}],"curies":[{"name":"wp","href":"https:\/\/api.w.org\/{rel}","templated":true}]}}