{"id":37,"date":"2022-09-15T16:12:24","date_gmt":"2022-09-15T16:12:24","guid":{"rendered":"https:\/\/joklamus.is\/?page_id=37"},"modified":"2026-03-05T20:44:36","modified_gmt":"2026-03-05T20:44:36","slug":"um-joklamus","status":"publish","type":"page","link":"https:\/\/joklamus.is\/index.php\/um-joklamus\/","title":{"rendered":"Um J\u00f6klam\u00fas"},"content":{"rendered":"\t\t<div data-elementor-type=\"wp-page\" data-elementor-id=\"37\" class=\"elementor elementor-37\" data-elementor-post-type=\"page\">\n\t\t\t\t<div class=\"elementor-element elementor-element-01d60b3 e-flex e-con-boxed e-con e-parent\" data-id=\"01d60b3\" data-element_type=\"container\" data-e-type=\"container\">\n\t\t\t\t\t<div class=\"e-con-inner\">\n\t\t\t\t<div class=\"elementor-element elementor-element-c2c7c70 elementor-widget elementor-widget-text-editor\" data-id=\"c2c7c70\" data-element_type=\"widget\" data-e-type=\"widget\" data-widget_type=\"text-editor.default\">\n\t\t\t\t<div class=\"elementor-widget-container\">\n\t\t\t\t\t\t\t\t\t<p><strong>Jurtakremi\u00f0 J\u00f6klam\u00fas er krem\u00a0sem Sigur\u00f0ur Einarsson hefur veri\u00f0 a\u00f0 framlei\u00f0a og \u00fer\u00f3a \u00ed yfir 20 \u00e1r.<\/strong><\/p><p><strong>Varan hafa \u00fe\u00e1 s\u00e9rst\u00f6\u00f0u a\u00f0 vera hrein n\u00e1tt\u00faruafur\u00f0 \u00fear sem virkustu efni hennar eru jurtir sem t\u00edndar eru \u00e1 sv\u00e6\u00f0um innan Vatnaj\u00f6kuls\u00fej\u00f3\u00f0gar\u00f0s.<\/strong><\/p><p><strong>V\u00f6rurnar sem J\u00f6klam\u00fas ehf framle\u00f0ir eru eftirfarandi:<\/strong><\/p><p><strong>J\u00f6klam\u00fas Gr\u00e6\u00f0ir 15ml \/ 30ml \/ 50 ml<\/strong><\/p><p><strong>J\u00f6klam\u00fas Varagr\u00e6\u00f0ir 15ml<\/strong><\/p><p><strong>J\u00f6klam\u00fas Brj\u00f3sta og Bossakrem 15 ml.<\/strong><\/p>\t\t\t\t\t\t\t\t<\/div>\n\t\t\t\t<\/div>\n\t\t<div class=\"elementor-element elementor-element-4fee070 e-con-full e-flex e-con e-child\" data-id=\"4fee070\" data-element_type=\"container\" data-e-type=\"container\">\n\t\t\t\t<div class=\"elementor-element elementor-element-3180a32 elementor-widget elementor-widget-image\" data-id=\"3180a32\" data-element_type=\"widget\" data-e-type=\"widget\" data-widget_type=\"image.default\">\n\t\t\t\t<div class=\"elementor-widget-container\">\n\t\t\t\t\t\t\t\t\t\t\t\t\t\t\t<img fetchpriority=\"high\" decoding=\"async\" width=\"1024\" height=\"1024\" src=\"https:\/\/joklamus.is\/wp-content\/uploads\/2022\/09\/Joklamus-vorur-natturlegt-1024x1024.png\" class=\"attachment-large size-large wp-image-82\" alt=\"J\u00f6klam\u00fas v\u00f6rur n\u00e1tt\u00farlegt\" srcset=\"https:\/\/joklamus.is\/wp-content\/uploads\/2022\/09\/Joklamus-vorur-natturlegt-1024x1024.png 1024w, https:\/\/joklamus.is\/wp-content\/uploads\/2022\/09\/Joklamus-vorur-natturlegt-100x100.png 100w, https:\/\/joklamus.is\/wp-content\/uploads\/2022\/09\/Joklamus-vorur-natturlegt-600x600.png 600w, https:\/\/joklamus.is\/wp-content\/uploads\/2022\/09\/Joklamus-vorur-natturlegt-300x300.png 300w, https:\/\/joklamus.is\/wp-content\/uploads\/2022\/09\/Joklamus-vorur-natturlegt-150x150.png 150w, https:\/\/joklamus.is\/wp-content\/uploads\/2022\/09\/Joklamus-vorur-natturlegt-768x768.png 768w, https:\/\/joklamus.is\/wp-content\/uploads\/2022\/09\/Joklamus-vorur-natturlegt.png 1080w\" sizes=\"(max-width: 1024px) 100vw, 1024px\" \/>\t\t\t\t\t\t\t\t\t\t\t\t\t\t\t<\/div>\n\t\t\t\t<\/div>\n\t\t\t\t<\/div>\n\t\t\t\t\t<\/div>\n\t\t\t\t<\/div>\n\t\t<div class=\"elementor-element elementor-element-586670a e-flex e-con-boxed e-con e-parent\" data-id=\"586670a\" data-element_type=\"container\" data-e-type=\"container\">\n\t\t\t\t\t<div class=\"e-con-inner\">\n\t\t<div class=\"elementor-element elementor-element-6fd52c3 e-con-full e-flex e-con e-child\" data-id=\"6fd52c3\" data-element_type=\"container\" data-e-type=\"container\">\n\t\t\t\t<div class=\"elementor-element elementor-element-f9683dd elementor-widget elementor-widget-text-editor\" data-id=\"f9683dd\" data-element_type=\"widget\" data-e-type=\"widget\" data-widget_type=\"text-editor.default\">\n\t\t\t\t<div class=\"elementor-widget-container\">\n\t\t\t\t\t\t\t\t\t<p>J\u00f6klam\u00fas ehf.<\/p><p>Freyvangur 5<\/p><p>850 Hella<\/p><p>joklamus@joklamus.is<\/p><p>+354 849 0007<\/p>\t\t\t\t\t\t\t\t<\/div>\n\t\t\t\t<\/div>\n\t\t\t\t<\/div>\n\t\t<div class=\"elementor-element elementor-element-cf2731f e-con-full e-flex e-con e-child\" data-id=\"cf2731f\" data-element_type=\"container\" data-e-type=\"container\">\n\t\t\t\t<div class=\"elementor-element elementor-element-83b593c elementor-widget elementor-widget-google_maps\" data-id=\"83b593c\" data-element_type=\"widget\" data-e-type=\"widget\" data-widget_type=\"google_maps.default\">\n\t\t\t\t<div class=\"elementor-widget-container\">\n\t\t\t\t\t\t\t<div class=\"elementor-custom-embed\">\n\t\t\t<iframe loading=\"lazy\"\n\t\t\t\t\tsrc=\"https:\/\/maps.google.com\/maps?q=Freyvangur%205%2C%20850%20hella%2C%20Iceland&#038;t=m&#038;z=10&#038;output=embed&#038;iwloc=near\"\n\t\t\t\t\ttitle=\"Freyvangur 5, 850 hella, Iceland\"\n\t\t\t\t\taria-label=\"Freyvangur 5, 850 hella, Iceland\"\n\t\t\t><\/iframe>\n\t\t<\/div>\n\t\t\t\t\t\t<\/div>\n\t\t\t\t<\/div>\n\t\t\t\t<\/div>\n\t\t\t\t\t<\/div>\n\t\t\t\t<\/div>\n\t\t<div class=\"elementor-element elementor-element-1d105ee e-flex e-con-boxed e-con e-parent\" data-id=\"1d105ee\" data-element_type=\"container\" data-e-type=\"container\">\n\t\t\t\t\t<div class=\"e-con-inner\">\n\t\t\t\t<div class=\"elementor-element elementor-element-e3b082e elementor-widget elementor-widget-text-editor\" data-id=\"e3b082e\" data-element_type=\"widget\" data-e-type=\"widget\" data-widget_type=\"text-editor.default\">\n\t\t\t\t<div class=\"elementor-widget-container\">\n\t\t\t\t\t\t\t\t\t<p><img decoding=\"async\" class=\"size-medium wp-image-430\" src=\"https:\/\/joklamus.is\/wp-content\/uploads\/2026\/03\/siggi-gulla-300x252.jpg\" alt=\"J\u00f6klam\u00fas Sigur\u00f0ur einarssn\" width=\"300\" height=\"252\" srcset=\"https:\/\/joklamus.is\/wp-content\/uploads\/2026\/03\/siggi-gulla-300x252.jpg 300w, https:\/\/joklamus.is\/wp-content\/uploads\/2026\/03\/siggi-gulla-1024x860.jpg 1024w, https:\/\/joklamus.is\/wp-content\/uploads\/2026\/03\/siggi-gulla-768x645.jpg 768w, https:\/\/joklamus.is\/wp-content\/uploads\/2026\/03\/siggi-gulla-600x504.jpg 600w, https:\/\/joklamus.is\/wp-content\/uploads\/2026\/03\/siggi-gulla.jpg 1200w\" sizes=\"(max-width: 300px) 100vw, 300px\" \/><\/p>\n<p>J\u00f6klam\u00fas er fyrirb\u00e6ri \u00ed n\u00e1tt\u00farunni sem f\u00e1ir kannast vi\u00f0, en \u00fea\u00f0 er mosavaxinn \u00e1valur sm\u00e1steinn, sem veltur undan vindum \u00e1 j\u00f6kli og safnar sm\u00e1m saman \u00e1 sig gr\u00f3\u00f0ri \u00fear til hann ver\u00f0ur einskonar mosak\u00fala. Fleiri kannast sennilega vi\u00f0 J\u00f6klam\u00fasina hans Sigur\u00f0ar Einarssonar \u00e1 Hellu\/H\u00f6fn \u00ed Hornafir\u00f0i, en \u00fea\u00f0 er gr\u00e6\u00f0andi krem \u00far fjallagr\u00f6sum, sem hann og kona hans Anna Gu\u00f0laug Albertsd\u00f3ttir byrju\u00f0u a\u00f0 \u00fer\u00f3a 2003 og settu \u00e1 marka\u00f0 2008.<\/p>\n<p><strong>\u00c1tj\u00e1n grasa blanda<\/strong><br>Siggi er uppalinn \u00e1 H\u00f6fn \u00ed Hornafir\u00f0i og var m\u00f6rg sumur \u00ed sveit \u00ed Sv\u00ednafelli \u00ed Nesjum, hj\u00e1 \u00feeim Arnbirni Sigurbergssyni og Arnbj\u00f6rgu Sveinsd\u00f3ttur. B\u00e6rinn var \u00fe\u00e1 umkringdur j\u00f6kul\u00e1m a\u00f0 austan og vestan og Vatnaj\u00f6kli a\u00f0 nor\u00f0an, \u00feannig a\u00f0 f\u00e9 og a\u00f0rar skepnur komust ekki yfir og \u00fev\u00ed gr\u00f3\u00f0urs\u00e6ld mikil \u00ed Sv\u00ednafelli. Austurflj\u00f3tin \u00feornu\u00f0u hins vegar upp fyrir allnokkrum \u00e1rum og \u00fev\u00ed er n\u00fa b\u00edlf\u00e6rt alla daga \u00e1rsins \u00ed Sv\u00ednafell og f\u00e9 af \u00f6\u00f0rum b\u00e6jum \u00e1 einnig grei\u00f0an a\u00f0gang.<br>\u00c1 efri h\u00e6\u00f0inni \u00ed Sv\u00ednafelli bjuggu Sigurbergur \u00c1rnason og \u00de\u00f3ra Gu\u00f0mundsd\u00f3ttir, foreldrar Arnbj\u00f6rns. \u00deau eru b\u00e6\u00f0i l\u00e1tin. \u00de\u00f3ra kunni \u00fdmislegt fyrir s\u00e9r og me\u00f0al annars bj\u00f3 h\u00fan til gr\u00e6\u00f0andi smyrsl \u00far fjallagr\u00f6sum.<br>\u201e\u00c9g var me\u00f0 exem \u00feegar \u00e9g var krakki og \u00feurfti oft a\u00f0 leita \u00e1 n\u00e1\u00f0ir \u00de\u00f3ru til a\u00f0 f\u00e1 smyrsl \u00e1 s\u00e1rin,\u201c segir Siggi. \u201eH\u00fan kenndi m\u00e9r \u00fdmislegt um fjallagr\u00f6s, en \u00e9g gleymdi \u00fev\u00ed n\u00e1tt\u00farulega \u00f6llu \u00feegar \u00e9g komst \u00e1 unglings\u00e1rin, var \u00fe\u00e1 anna\u00f0 a\u00f0 hugsa. Seinna, \u00feegar heilsan f\u00f3r a\u00f0 bila, f\u00e9kk \u00e9g \u00e1huga \u00e1 heilsutengdum m\u00e1lum og rifja\u00f0i \u00fe\u00e1 upp grasakunn\u00e1ttuna.<br>\u00de\u00f3ra var stundum \u00ed sambandi vi\u00f0 Erling Filippusson grasal\u00e6kni fr\u00e1 K\u00e1lfafellskoti \u00ed Flj\u00f3tshverfi og \u00e9g mundi eftir \u00fev\u00ed a\u00f0 h\u00fan haf\u00f0i eftir honum a\u00f0 besta virknin n\u00e6\u00f0ist \u00ed grasame\u00f0ul me\u00f0 \u00fev\u00ed a\u00f0 blanda saman m\u00f6rgum tegundum grasa me\u00f0 svipa\u00f0a virkni. Vi\u00f0 f\u00f3rum \u00e1 fj\u00f6ll og t\u00fdndum \u00e1tj\u00e1n tegundir grasa sem \u00e9g haf\u00f0i lesi\u00f0 m\u00e9r til um. \u00deessi uppskrift virka\u00f0i svo vel a\u00f0 vi\u00f0 h\u00f6fum ekki breytt henni a\u00f0 r\u00e1\u00f0i s\u00ed\u00f0an. Vi\u00f0 frost\u00feurrkum gr\u00f6sin og bl\u00f6ndum \u00feeim \u00ed ullarfeiti \u00far kindaull, sem \u00e9g kaupi fr\u00e1 \u00de\u00fdskalandi. Hrein \u00edslensk ullarfeiti er \u00fev\u00ed mi\u00f0ur ekki f\u00e1anleg.\u201c<\/p>\n<p>J\u00f6klam\u00fasin er framleidd \u00ed \u00feremur \u00fatg\u00e1fum: Gr\u00e6\u00f0ir er alhli\u00f0a s\u00e1rasmyrsl, Varagr\u00e6\u00f0ir er s\u00e9rstaklega fyrir vara\u00feurrk og frunsur, og Bjr\u00f3sta- og bossakrem er nota\u00f0 \u00e1 \u00fe\u00e1 l\u00edkams-parta sem nafni\u00f0 segir til um.<br>J\u00f6klam\u00fasin hefur reynst s\u00e9rstaklega \u00e1hrifar\u00edk \u00e1 brunas\u00e1r, en virkar l\u00edka mj\u00f6g vel \u00e1 \u00f6ll nudds\u00e1r, exem, vara\u00feurrk og bleyjus\u00e1r, svo eitthva\u00f0 s\u00e9 nefnt. Bera m\u00e1 kremi\u00f0 \u00e1 \u00f6ll h\u00fa\u00f0-sv\u00e6\u00f0i l\u00edkamans, ekki bara \u00fatvortis, heldur inn \u00ed munn, nef, augu og allskonar.<\/p>\n<p><strong>Hressandi grasasey\u00f0i<\/strong><br>Til \u00feessa hafa \u00feau Siggi og Gulla ekki pr\u00f3fa\u00f0 sig \u00e1fram me\u00f0 a\u00f0ra framlei\u00f0slu \u00far fjalla-gr\u00f6sum en kremi\u00f0. Siggi minnist \u00feess \u00fe\u00f3 a\u00f0 \u00de\u00f3ra \u00ed Sv\u00ednafelli hafi so\u00f0i\u00f0 sey\u00f0i \u00ed l\u00e6kningaskyni, sem haf\u00f0i g\u00f3\u00f0 \u00e1hrif.<br>\u201eSigurbergur heitinn \u00ed Sv\u00ednafelli f\u00e9kk maga-krabba \u00e1 efri \u00e1rum, sem hann var nokku\u00f0 kvalinn af. \u00de\u00f3ra \u00fatbj\u00f3 fjallagrasasey\u00f0i, sem hann drakk og lei\u00f0 talsvert betur \u00e1 eftir. Fa\u00f0ir minn kom eitt sinn sem oftar \u00ed heims\u00f3kn \u00ed Sv\u00ednafell og vi\u00f0 f\u00f3rum upp \u00e1 loft \u00ed heims\u00f3kn til g\u00f6mlu hj\u00f3nanna. Sigurbergur bau\u00f0 pabba upp \u00e1 grasasey\u00f0i og eftir hvert glas ur\u00f0u \u00feeir brosleitari og k\u00e1tari og fyrr en var\u00f0i kjafta\u00f0i \u00e1 \u00feeim hver tuska. \u00c9g held a\u00f0 \u00fea\u00f0 hafi alls ekki veri\u00f0 \u00e6tlunin hj\u00e1 \u00de\u00f3ru a\u00f0 sey\u00f0i\u00f0 hef\u00f0i svona afgerandi hressandi \u00e1hrif, en einhver gerjun haf\u00f0i greinilega \u00e1tt s\u00e9r sta\u00f0 \u00ed fl\u00f6skunum \u00e1 me\u00f0an \u00fe\u00e6r st\u00f3\u00f0u \u00e1 hillum \u00ed b\u00farinu.<br>En a\u00f0 \u00f6llu gamni slepptu \u00fe\u00e1 hef \u00e9g veri\u00f0 a\u00f0 pr\u00f3fa mig \u00e1fram me\u00f0 krem sem eru ekki jafn feit og J\u00f6klam\u00fasin og meira b\u00f3lguey\u00f0andi. Einnig krem, sem er \u00ed grunninn komi\u00f0 fr\u00e1 \u00de\u00f3ru og er \u00f3tr\u00falega gott \u00e1 brunas\u00e1r og til a\u00f0 hreinsa upp \u00f3hrein s\u00e1r sem komi\u00f0 er of-hold \u00ed. \u00deetta krem hefur l\u00edka gefi\u00f0 g\u00f3\u00f0a raun \u00e1 s\u00e1r hj\u00e1 krabbameinssj\u00faklingum \u00ed lyfjame\u00f0fer\u00f0, sem erfitt hefur reynst a\u00f0 gr\u00e6\u00f0a me\u00f0 hef\u00f0bundnum \u00e1bur\u00f0i.\u201c<\/p>\n<p><strong>Samhent handverkshj\u00f3n<\/strong><br>Siggi l\u00e6r\u00f0i s\u00edmsm\u00ed\u00f0i um mi\u00f0jan \u00e1ttunda \u00e1ra-tuginn og var s\u00edmaverkstj\u00f3ri \u00e1 Hornafir\u00f0i fr\u00e1 1986-2008 en var\u00f0 \u00fe\u00e1 a\u00f0 h\u00e6tta a\u00f0 vinna vegna veikinda. Hann t\u00f3k \u00fe\u00e1 a\u00f0 sinna einu af m\u00f6rgum \u00e1hugam\u00e1lum s\u00ednum, eftir \u00fev\u00ed sem heilsan leyf\u00f0i, sem er sm\u00ed\u00f0ar og \u00fdmiskonar handverk. Gulla hefur alla t\u00ed\u00f0 nota\u00f0 hverja lausa stund til a\u00f0 prj\u00f3na og er s\u00e9rlega afkastamikil og hugvitss\u00f6m. Saman hafa \u00feau hj\u00f3nin fari\u00f0 me\u00f0 handverk sitt \u00e1 fj\u00f6lda handverkss\u00fdninga v\u00ed\u00f0a um land. Kennir \u00fear margra grasa, \u00fe\u00f3 ekki fjallagr\u00f6s s\u00e9u, allt fr\u00e1 hef\u00f0bundnum lopavettlingum yfir \u00ed vei\u00f0ihn\u00edfa me\u00f0 skeftum \u00far hreind\u00fdrshorni.<\/p>\n<p>Grein og mynd er fr\u00e1 fr\u00e9tt af vefRangar\u00feingi Ytra: <a href=\"https:\/\/www.ry.is\/is\/frettir\/joklamus-hord-og-mjuk?utm_source=chatgpt.com\">linkur<\/a><\/p>\t\t\t\t\t\t\t\t<\/div>\n\t\t\t\t<\/div>\n\t\t\t\t\t<\/div>\n\t\t\t\t<\/div>\n\t\t\t\t<\/div>\n\t\t","protected":false},"excerpt":{"rendered":"<p>Jurtakremi\u00f0 J\u00f6klam\u00fas er krem\u00a0sem Sigur\u00f0ur Einarsson hefur veri\u00f0 a\u00f0 framlei\u00f0a og \u00fer\u00f3a \u00ed yfir 20 \u00e1r. Varan hafa \u00fe\u00e1 s\u00e9rst\u00f6\u00f0u a\u00f0 vera hrein n\u00e1tt\u00faruafur\u00f0 \u00fear sem virkustu efni hennar eru jurtir sem t\u00edndar eru \u00e1 sv\u00e6\u00f0um innan Vatnaj\u00f6kuls\u00fej\u00f3\u00f0gar\u00f0s. V\u00f6rurnar sem J\u00f6klam\u00fas ehf framle\u00f0ir eru eftirfarandi: J\u00f6klam\u00fas Gr\u00e6\u00f0ir 15ml \/ 30ml \/ 50 ml J\u00f6klam\u00fas Varagr\u00e6\u00f0ir [&hellip;]<\/p>\n","protected":false},"author":1,"featured_media":0,"parent":0,"menu_order":0,"comment_status":"closed","ping_status":"closed","template":"","meta":{"footnotes":""},"class_list":["post-37","page","type-page","status-publish","hentry"],"blocksy_meta":{"styles_descriptor":{"styles":{"desktop":"","tablet":"","mobile":""},"google_fonts":[],"version":6}},"yoast_head":"<!-- This site is optimized with the Yoast SEO plugin v27.6 - https:\/\/yoast.com\/product\/yoast-seo-wordpress\/ -->\n<title>Um J\u00f6klam\u00fas - J\u00f6klam\u00fas Gr\u00e6\u00f0ir<\/title>\n<meta name=\"robots\" content=\"index, follow, max-snippet:-1, max-image-preview:large, max-video-preview:-1\" \/>\n<link rel=\"canonical\" href=\"https:\/\/joklamus.is\/index.php\/um-joklamus\/\" \/>\n<meta property=\"og:locale\" content=\"en_US\" \/>\n<meta property=\"og:type\" content=\"article\" \/>\n<meta property=\"og:title\" content=\"Um J\u00f6klam\u00fas - J\u00f6klam\u00fas Gr\u00e6\u00f0ir\" \/>\n<meta property=\"og:description\" content=\"Jurtakremi\u00f0 J\u00f6klam\u00fas er krem\u00a0sem Sigur\u00f0ur Einarsson hefur veri\u00f0 a\u00f0 framlei\u00f0a og \u00fer\u00f3a \u00ed yfir 20 \u00e1r. Varan hafa \u00fe\u00e1 s\u00e9rst\u00f6\u00f0u a\u00f0 vera hrein n\u00e1tt\u00faruafur\u00f0 \u00fear sem virkustu efni hennar eru jurtir sem t\u00edndar eru \u00e1 sv\u00e6\u00f0um innan Vatnaj\u00f6kuls\u00fej\u00f3\u00f0gar\u00f0s. V\u00f6rurnar sem J\u00f6klam\u00fas ehf framle\u00f0ir eru eftirfarandi: J\u00f6klam\u00fas Gr\u00e6\u00f0ir 15ml \/ 30ml \/ 50 ml J\u00f6klam\u00fas Varagr\u00e6\u00f0ir [&hellip;]\" \/>\n<meta property=\"og:url\" content=\"https:\/\/joklamus.is\/index.php\/um-joklamus\/\" \/>\n<meta property=\"og:site_name\" content=\"J\u00f6klam\u00fas Gr\u00e6\u00f0ir\" \/>\n<meta property=\"article:modified_time\" content=\"2026-03-05T20:44:36+00:00\" \/>\n<meta property=\"og:image\" content=\"https:\/\/joklamus.is\/wp-content\/uploads\/2022\/09\/Joklamus-vorur-natturlegt.png\" \/>\n\t<meta property=\"og:image:width\" content=\"1080\" \/>\n\t<meta property=\"og:image:height\" content=\"1080\" \/>\n\t<meta property=\"og:image:type\" content=\"image\/png\" \/>\n<meta name=\"twitter:card\" content=\"summary_large_image\" \/>\n<meta name=\"twitter:label1\" content=\"Est. reading time\" \/>\n\t<meta name=\"twitter:data1\" content=\"4 minutes\" \/>\n<script type=\"application\/ld+json\" class=\"yoast-schema-graph\">{\"@context\":\"https:\\\/\\\/schema.org\",\"@graph\":[{\"@type\":\"WebPage\",\"@id\":\"https:\\\/\\\/joklamus.is\\\/index.php\\\/um-joklamus\\\/\",\"url\":\"https:\\\/\\\/joklamus.is\\\/index.php\\\/um-joklamus\\\/\",\"name\":\"Um J\u00f6klam\u00fas - J\u00f6klam\u00fas Gr\u00e6\u00f0ir\",\"isPartOf\":{\"@id\":\"https:\\\/\\\/joklamus.is\\\/#website\"},\"primaryImageOfPage\":{\"@id\":\"https:\\\/\\\/joklamus.is\\\/index.php\\\/um-joklamus\\\/#primaryimage\"},\"image\":{\"@id\":\"https:\\\/\\\/joklamus.is\\\/index.php\\\/um-joklamus\\\/#primaryimage\"},\"thumbnailUrl\":\"https:\\\/\\\/joklamus.is\\\/wp-content\\\/uploads\\\/2022\\\/09\\\/Joklamus-vorur-natturlegt-1024x1024.png\",\"datePublished\":\"2022-09-15T16:12:24+00:00\",\"dateModified\":\"2026-03-05T20:44:36+00:00\",\"breadcrumb\":{\"@id\":\"https:\\\/\\\/joklamus.is\\\/index.php\\\/um-joklamus\\\/#breadcrumb\"},\"inLanguage\":\"en-US\",\"potentialAction\":[{\"@type\":\"ReadAction\",\"target\":[\"https:\\\/\\\/joklamus.is\\\/index.php\\\/um-joklamus\\\/\"]}]},{\"@type\":\"ImageObject\",\"inLanguage\":\"en-US\",\"@id\":\"https:\\\/\\\/joklamus.is\\\/index.php\\\/um-joklamus\\\/#primaryimage\",\"url\":\"https:\\\/\\\/joklamus.is\\\/wp-content\\\/uploads\\\/2022\\\/09\\\/Joklamus-vorur-natturlegt.png\",\"contentUrl\":\"https:\\\/\\\/joklamus.is\\\/wp-content\\\/uploads\\\/2022\\\/09\\\/Joklamus-vorur-natturlegt.png\",\"width\":1080,\"height\":1080,\"caption\":\"J\u00f6klam\u00fas v\u00f6rur n\u00e1tt\u00farlegt\"},{\"@type\":\"BreadcrumbList\",\"@id\":\"https:\\\/\\\/joklamus.is\\\/index.php\\\/um-joklamus\\\/#breadcrumb\",\"itemListElement\":[{\"@type\":\"ListItem\",\"position\":1,\"name\":\"Home\",\"item\":\"https:\\\/\\\/joklamus.is\\\/\"},{\"@type\":\"ListItem\",\"position\":2,\"name\":\"Um J\u00f6klam\u00fas\"}]},{\"@type\":\"WebSite\",\"@id\":\"https:\\\/\\\/joklamus.is\\\/#website\",\"url\":\"https:\\\/\\\/joklamus.is\\\/\",\"name\":\"J\u00f6klam\u00fas Gr\u00e6\u00f0ir\",\"description\":\"N\u00e1tt\u00farulegur Gr\u00e6\u00f0ir fyrir Brunas\u00e1r og Varir\",\"potentialAction\":[{\"@type\":\"SearchAction\",\"target\":{\"@type\":\"EntryPoint\",\"urlTemplate\":\"https:\\\/\\\/joklamus.is\\\/?s={search_term_string}\"},\"query-input\":{\"@type\":\"PropertyValueSpecification\",\"valueRequired\":true,\"valueName\":\"search_term_string\"}}],\"inLanguage\":\"en-US\"}]}<\/script>\n<!-- \/ Yoast SEO plugin. -->","yoast_head_json":{"title":"Um J\u00f6klam\u00fas - J\u00f6klam\u00fas Gr\u00e6\u00f0ir","robots":{"index":"index","follow":"follow","max-snippet":"max-snippet:-1","max-image-preview":"max-image-preview:large","max-video-preview":"max-video-preview:-1"},"canonical":"https:\/\/joklamus.is\/index.php\/um-joklamus\/","og_locale":"en_US","og_type":"article","og_title":"Um J\u00f6klam\u00fas - J\u00f6klam\u00fas Gr\u00e6\u00f0ir","og_description":"Jurtakremi\u00f0 J\u00f6klam\u00fas er krem\u00a0sem Sigur\u00f0ur Einarsson hefur veri\u00f0 a\u00f0 framlei\u00f0a og \u00fer\u00f3a \u00ed yfir 20 \u00e1r. Varan hafa \u00fe\u00e1 s\u00e9rst\u00f6\u00f0u a\u00f0 vera hrein n\u00e1tt\u00faruafur\u00f0 \u00fear sem virkustu efni hennar eru jurtir sem t\u00edndar eru \u00e1 sv\u00e6\u00f0um innan Vatnaj\u00f6kuls\u00fej\u00f3\u00f0gar\u00f0s. V\u00f6rurnar sem J\u00f6klam\u00fas ehf framle\u00f0ir eru eftirfarandi: J\u00f6klam\u00fas Gr\u00e6\u00f0ir 15ml \/ 30ml \/ 50 ml J\u00f6klam\u00fas Varagr\u00e6\u00f0ir [&hellip;]","og_url":"https:\/\/joklamus.is\/index.php\/um-joklamus\/","og_site_name":"J\u00f6klam\u00fas Gr\u00e6\u00f0ir","article_modified_time":"2026-03-05T20:44:36+00:00","og_image":[{"width":1080,"height":1080,"url":"https:\/\/joklamus.is\/wp-content\/uploads\/2022\/09\/Joklamus-vorur-natturlegt.png","type":"image\/png"}],"twitter_card":"summary_large_image","twitter_misc":{"Est. reading time":"4 minutes"},"schema":{"@context":"https:\/\/schema.org","@graph":[{"@type":"WebPage","@id":"https:\/\/joklamus.is\/index.php\/um-joklamus\/","url":"https:\/\/joklamus.is\/index.php\/um-joklamus\/","name":"Um J\u00f6klam\u00fas - J\u00f6klam\u00fas Gr\u00e6\u00f0ir","isPartOf":{"@id":"https:\/\/joklamus.is\/#website"},"primaryImageOfPage":{"@id":"https:\/\/joklamus.is\/index.php\/um-joklamus\/#primaryimage"},"image":{"@id":"https:\/\/joklamus.is\/index.php\/um-joklamus\/#primaryimage"},"thumbnailUrl":"https:\/\/joklamus.is\/wp-content\/uploads\/2022\/09\/Joklamus-vorur-natturlegt-1024x1024.png","datePublished":"2022-09-15T16:12:24+00:00","dateModified":"2026-03-05T20:44:36+00:00","breadcrumb":{"@id":"https:\/\/joklamus.is\/index.php\/um-joklamus\/#breadcrumb"},"inLanguage":"en-US","potentialAction":[{"@type":"ReadAction","target":["https:\/\/joklamus.is\/index.php\/um-joklamus\/"]}]},{"@type":"ImageObject","inLanguage":"en-US","@id":"https:\/\/joklamus.is\/index.php\/um-joklamus\/#primaryimage","url":"https:\/\/joklamus.is\/wp-content\/uploads\/2022\/09\/Joklamus-vorur-natturlegt.png","contentUrl":"https:\/\/joklamus.is\/wp-content\/uploads\/2022\/09\/Joklamus-vorur-natturlegt.png","width":1080,"height":1080,"caption":"J\u00f6klam\u00fas v\u00f6rur n\u00e1tt\u00farlegt"},{"@type":"BreadcrumbList","@id":"https:\/\/joklamus.is\/index.php\/um-joklamus\/#breadcrumb","itemListElement":[{"@type":"ListItem","position":1,"name":"Home","item":"https:\/\/joklamus.is\/"},{"@type":"ListItem","position":2,"name":"Um J\u00f6klam\u00fas"}]},{"@type":"WebSite","@id":"https:\/\/joklamus.is\/#website","url":"https:\/\/joklamus.is\/","name":"J\u00f6klam\u00fas Gr\u00e6\u00f0ir","description":"N\u00e1tt\u00farulegur Gr\u00e6\u00f0ir fyrir Brunas\u00e1r og Varir","potentialAction":[{"@type":"SearchAction","target":{"@type":"EntryPoint","urlTemplate":"https:\/\/joklamus.is\/?s={search_term_string}"},"query-input":{"@type":"PropertyValueSpecification","valueRequired":true,"valueName":"search_term_string"}}],"inLanguage":"en-US"}]}},"_links":{"self":[{"href":"https:\/\/joklamus.is\/index.php\/wp-json\/wp\/v2\/pages\/37","targetHints":{"allow":["GET"]}}],"collection":[{"href":"https:\/\/joklamus.is\/index.php\/wp-json\/wp\/v2\/pages"}],"about":[{"href":"https:\/\/joklamus.is\/index.php\/wp-json\/wp\/v2\/types\/page"}],"author":[{"embeddable":true,"href":"https:\/\/joklamus.is\/index.php\/wp-json\/wp\/v2\/users\/1"}],"replies":[{"embeddable":true,"href":"https:\/\/joklamus.is\/index.php\/wp-json\/wp\/v2\/comments?post=37"}],"version-history":[{"count":10,"href":"https:\/\/joklamus.is\/index.php\/wp-json\/wp\/v2\/pages\/37\/revisions"}],"predecessor-version":[{"id":434,"href":"https:\/\/joklamus.is\/index.php\/wp-json\/wp\/v2\/pages\/37\/revisions\/434"}],"wp:attachment":[{"href":"https:\/\/joklamus.is\/index.php\/wp-json\/wp\/v2\/media?parent=37"}],"curies":[{"name":"wp","href":"https:\/\/api.w.org\/{rel}","templated":true}]}}