{"id":35,"date":"2022-09-15T16:11:37","date_gmt":"2022-09-15T16:11:37","guid":{"rendered":"https:\/\/joklamus.is\/?page_id=35"},"modified":"2026-03-05T19:29:13","modified_gmt":"2026-03-05T19:29:13","slug":"solustadir","status":"publish","type":"page","link":"https:\/\/joklamus.is\/index.php\/solustadir\/","title":{"rendered":"S\u00f6lusta\u00f0ir"},"content":{"rendered":"\t\t<div data-elementor-type=\"wp-page\" data-elementor-id=\"35\" class=\"elementor elementor-35\" data-elementor-post-type=\"page\">\n\t\t\t\t<div class=\"elementor-element elementor-element-a66b3f8 e-grid e-con-boxed e-con e-parent\" data-id=\"a66b3f8\" data-element_type=\"container\" data-e-type=\"container\">\n\t\t\t\t\t<div class=\"e-con-inner\">\n\t\t\t\t<div class=\"elementor-element elementor-element-249f54c elementor-widget elementor-widget-text-editor\" data-id=\"249f54c\" data-element_type=\"widget\" data-e-type=\"widget\" data-widget_type=\"text-editor.default\">\n\t\t\t\t<div class=\"elementor-widget-container\">\n\t\t\t\t\t\t\t\t\t<p><strong>Taubleyjur ehf<\/strong><\/p><p>\u00c1lfabakka 6, 109 Reykjav\u00edk<\/p><p><a href=\"https:\/\/taubleyjur.is\/\">www.taubleyjur.is<\/a><\/p>\t\t\t\t\t\t\t\t<\/div>\n\t\t\t\t<\/div>\n\t\t\t\t<div class=\"elementor-element elementor-element-11a95ab elementor-widget elementor-widget-text-editor\" data-id=\"11a95ab\" data-element_type=\"widget\" data-e-type=\"widget\" data-widget_type=\"text-editor.default\">\n\t\t\t\t<div class=\"elementor-widget-container\">\n\t\t\t\t\t\t\t\t\t<p><strong>Lyfja H\u00f6fn<\/strong><\/p><p>Litlabr\u00fa 1, 780 H\u00f6fn<\/p><p><a href=\"https:\/\/www.lyfja.is\/um-okkur\/verslun\/lyfja-hoefn\/\">www.lyfja.is<\/a><\/p><p>\u00a0<\/p>\t\t\t\t\t\t\t\t<\/div>\n\t\t\t\t<\/div>\n\t\t\t\t\t<\/div>\n\t\t\t\t<\/div>\n\t\t<div class=\"elementor-element elementor-element-849ffb0 e-grid e-con-boxed e-con e-parent\" data-id=\"849ffb0\" data-element_type=\"container\" data-e-type=\"container\">\n\t\t\t\t\t<div class=\"e-con-inner\">\n\t\t\t\t<div class=\"elementor-element elementor-element-cb9ec8f elementor-widget elementor-widget-text-editor\" data-id=\"cb9ec8f\" data-element_type=\"widget\" data-e-type=\"widget\" data-widget_type=\"text-editor.default\">\n\t\t\t\t<div class=\"elementor-widget-container\">\n\t\t\t\t\t\t\t\t\t<p><strong>Sveitab\u00fa\u00f0in Una<\/strong><\/p><p>Austurvegur 4. 860 Hvolsv\u00f6llur<\/p>\t\t\t\t\t\t\t\t<\/div>\n\t\t\t\t<\/div>\n\t\t\t\t<div class=\"elementor-element elementor-element-b406ce5 elementor-widget elementor-widget-text-editor\" data-id=\"b406ce5\" data-element_type=\"widget\" data-e-type=\"widget\" data-widget_type=\"text-editor.default\">\n\t\t\t\t<div class=\"elementor-widget-container\">\n\t\t\t\t\t\t\t\t\t<p><strong>Ap\u00f3tek Vesturlands<\/strong><\/p><p>Smi\u00f0juvellir 32, 300 Akranes<\/p><p><a href=\"https:\/\/www.apvest.is\/\">www.apvest.is<\/a><\/p>\t\t\t\t\t\t\t\t<\/div>\n\t\t\t\t<\/div>\n\t\t\t\t\t<\/div>\n\t\t\t\t<\/div>\n\t\t<div class=\"elementor-element elementor-element-2519768 e-grid e-con-boxed e-con e-parent\" data-id=\"2519768\" data-element_type=\"container\" data-e-type=\"container\">\n\t\t\t\t\t<div class=\"e-con-inner\">\n\t\t\t\t<div class=\"elementor-element elementor-element-9cd3bc5 elementor-widget elementor-widget-text-editor\" data-id=\"9cd3bc5\" data-element_type=\"widget\" data-e-type=\"widget\" data-widget_type=\"text-editor.default\">\n\t\t\t\t<div class=\"elementor-widget-container\">\n\t\t\t\t\t\t\t\t\t<p><strong>Berg-spor<\/strong><\/p><p>Hafnarbraut 34, 780 H\u00f6fn<\/p>\t\t\t\t\t\t\t\t<\/div>\n\t\t\t\t<\/div>\n\t\t\t\t\t<\/div>\n\t\t\t\t<\/div>\n\t\t\t\t<\/div>\n\t\t","protected":false},"excerpt":{"rendered":"<p>Taubleyjur ehf \u00c1lfabakka 6, 109 Reykjav\u00edk www.taubleyjur.is Lyfja H\u00f6fn Litlabr\u00fa 1, 780 H\u00f6fn www.lyfja.is \u00a0 Sveitab\u00fa\u00f0in Una Austurvegur 4. 860 Hvolsv\u00f6llur Ap\u00f3tek Vesturlands Smi\u00f0juvellir 32, 300 Akranes www.apvest.is Berg-spor Hafnarbraut 34, 780 H\u00f6fn<\/p>\n","protected":false},"author":1,"featured_media":0,"parent":0,"menu_order":0,"comment_status":"closed","ping_status":"closed","template":"","meta":{"footnotes":""},"class_list":["post-35","page","type-page","status-publish","hentry"],"blocksy_meta":{"styles_descriptor":{"styles":{"desktop":"","tablet":"","mobile":""},"google_fonts":[],"version":6}},"yoast_head":"<!-- This site is optimized with the Yoast SEO plugin v27.4 - https:\/\/yoast.com\/product\/yoast-seo-wordpress\/ -->\n<title>S\u00f6lusta\u00f0ir - J\u00f6klam\u00fas Gr\u00e6\u00f0ir<\/title>\n<meta name=\"robots\" content=\"index, follow, max-snippet:-1, max-image-preview:large, max-video-preview:-1\" \/>\n<link rel=\"canonical\" href=\"https:\/\/joklamus.is\/index.php\/solustadir\/\" \/>\n<meta property=\"og:locale\" content=\"en_US\" \/>\n<meta property=\"og:type\" content=\"article\" \/>\n<meta property=\"og:title\" content=\"S\u00f6lusta\u00f0ir - J\u00f6klam\u00fas Gr\u00e6\u00f0ir\" \/>\n<meta property=\"og:description\" content=\"Taubleyjur ehf \u00c1lfabakka 6, 109 Reykjav\u00edk www.taubleyjur.is Lyfja H\u00f6fn Litlabr\u00fa 1, 780 H\u00f6fn www.lyfja.is \u00a0 Sveitab\u00fa\u00f0in Una Austurvegur 4. 860 Hvolsv\u00f6llur Ap\u00f3tek Vesturlands Smi\u00f0juvellir 32, 300 Akranes www.apvest.is Berg-spor Hafnarbraut 34, 780 H\u00f6fn\" \/>\n<meta property=\"og:url\" content=\"https:\/\/joklamus.is\/index.php\/solustadir\/\" \/>\n<meta property=\"og:site_name\" content=\"J\u00f6klam\u00fas Gr\u00e6\u00f0ir\" \/>\n<meta property=\"article:modified_time\" content=\"2026-03-05T19:29:13+00:00\" \/>\n<meta name=\"twitter:card\" content=\"summary_large_image\" \/>\n<meta name=\"twitter:label1\" content=\"Est. reading time\" \/>\n\t<meta name=\"twitter:data1\" content=\"1 minute\" \/>\n<script type=\"application\/ld+json\" class=\"yoast-schema-graph\">{\"@context\":\"https:\\\/\\\/schema.org\",\"@graph\":[{\"@type\":\"WebPage\",\"@id\":\"https:\\\/\\\/joklamus.is\\\/index.php\\\/solustadir\\\/\",\"url\":\"https:\\\/\\\/joklamus.is\\\/index.php\\\/solustadir\\\/\",\"name\":\"S\u00f6lusta\u00f0ir - J\u00f6klam\u00fas Gr\u00e6\u00f0ir\",\"isPartOf\":{\"@id\":\"https:\\\/\\\/joklamus.is\\\/#website\"},\"datePublished\":\"2022-09-15T16:11:37+00:00\",\"dateModified\":\"2026-03-05T19:29:13+00:00\",\"breadcrumb\":{\"@id\":\"https:\\\/\\\/joklamus.is\\\/index.php\\\/solustadir\\\/#breadcrumb\"},\"inLanguage\":\"en-US\",\"potentialAction\":[{\"@type\":\"ReadAction\",\"target\":[\"https:\\\/\\\/joklamus.is\\\/index.php\\\/solustadir\\\/\"]}]},{\"@type\":\"BreadcrumbList\",\"@id\":\"https:\\\/\\\/joklamus.is\\\/index.php\\\/solustadir\\\/#breadcrumb\",\"itemListElement\":[{\"@type\":\"ListItem\",\"position\":1,\"name\":\"Home\",\"item\":\"https:\\\/\\\/joklamus.is\\\/\"},{\"@type\":\"ListItem\",\"position\":2,\"name\":\"S\u00f6lusta\u00f0ir\"}]},{\"@type\":\"WebSite\",\"@id\":\"https:\\\/\\\/joklamus.is\\\/#website\",\"url\":\"https:\\\/\\\/joklamus.is\\\/\",\"name\":\"J\u00f6klam\u00fas Gr\u00e6\u00f0ir\",\"description\":\"N\u00e1tt\u00farulegur Gr\u00e6\u00f0ir fyrir Brunas\u00e1r og Varir\",\"potentialAction\":[{\"@type\":\"SearchAction\",\"target\":{\"@type\":\"EntryPoint\",\"urlTemplate\":\"https:\\\/\\\/joklamus.is\\\/?s={search_term_string}\"},\"query-input\":{\"@type\":\"PropertyValueSpecification\",\"valueRequired\":true,\"valueName\":\"search_term_string\"}}],\"inLanguage\":\"en-US\"}]}<\/script>\n<!-- \/ Yoast SEO plugin. -->","yoast_head_json":{"title":"S\u00f6lusta\u00f0ir - J\u00f6klam\u00fas Gr\u00e6\u00f0ir","robots":{"index":"index","follow":"follow","max-snippet":"max-snippet:-1","max-image-preview":"max-image-preview:large","max-video-preview":"max-video-preview:-1"},"canonical":"https:\/\/joklamus.is\/index.php\/solustadir\/","og_locale":"en_US","og_type":"article","og_title":"S\u00f6lusta\u00f0ir - J\u00f6klam\u00fas Gr\u00e6\u00f0ir","og_description":"Taubleyjur ehf \u00c1lfabakka 6, 109 Reykjav\u00edk www.taubleyjur.is Lyfja H\u00f6fn Litlabr\u00fa 1, 780 H\u00f6fn www.lyfja.is \u00a0 Sveitab\u00fa\u00f0in Una Austurvegur 4. 860 Hvolsv\u00f6llur Ap\u00f3tek Vesturlands Smi\u00f0juvellir 32, 300 Akranes www.apvest.is Berg-spor Hafnarbraut 34, 780 H\u00f6fn","og_url":"https:\/\/joklamus.is\/index.php\/solustadir\/","og_site_name":"J\u00f6klam\u00fas Gr\u00e6\u00f0ir","article_modified_time":"2026-03-05T19:29:13+00:00","twitter_card":"summary_large_image","twitter_misc":{"Est. reading time":"1 minute"},"schema":{"@context":"https:\/\/schema.org","@graph":[{"@type":"WebPage","@id":"https:\/\/joklamus.is\/index.php\/solustadir\/","url":"https:\/\/joklamus.is\/index.php\/solustadir\/","name":"S\u00f6lusta\u00f0ir - J\u00f6klam\u00fas Gr\u00e6\u00f0ir","isPartOf":{"@id":"https:\/\/joklamus.is\/#website"},"datePublished":"2022-09-15T16:11:37+00:00","dateModified":"2026-03-05T19:29:13+00:00","breadcrumb":{"@id":"https:\/\/joklamus.is\/index.php\/solustadir\/#breadcrumb"},"inLanguage":"en-US","potentialAction":[{"@type":"ReadAction","target":["https:\/\/joklamus.is\/index.php\/solustadir\/"]}]},{"@type":"BreadcrumbList","@id":"https:\/\/joklamus.is\/index.php\/solustadir\/#breadcrumb","itemListElement":[{"@type":"ListItem","position":1,"name":"Home","item":"https:\/\/joklamus.is\/"},{"@type":"ListItem","position":2,"name":"S\u00f6lusta\u00f0ir"}]},{"@type":"WebSite","@id":"https:\/\/joklamus.is\/#website","url":"https:\/\/joklamus.is\/","name":"J\u00f6klam\u00fas Gr\u00e6\u00f0ir","description":"N\u00e1tt\u00farulegur Gr\u00e6\u00f0ir fyrir Brunas\u00e1r og Varir","potentialAction":[{"@type":"SearchAction","target":{"@type":"EntryPoint","urlTemplate":"https:\/\/joklamus.is\/?s={search_term_string}"},"query-input":{"@type":"PropertyValueSpecification","valueRequired":true,"valueName":"search_term_string"}}],"inLanguage":"en-US"}]}},"_links":{"self":[{"href":"https:\/\/joklamus.is\/index.php\/wp-json\/wp\/v2\/pages\/35","targetHints":{"allow":["GET"]}}],"collection":[{"href":"https:\/\/joklamus.is\/index.php\/wp-json\/wp\/v2\/pages"}],"about":[{"href":"https:\/\/joklamus.is\/index.php\/wp-json\/wp\/v2\/types\/page"}],"author":[{"embeddable":true,"href":"https:\/\/joklamus.is\/index.php\/wp-json\/wp\/v2\/users\/1"}],"replies":[{"embeddable":true,"href":"https:\/\/joklamus.is\/index.php\/wp-json\/wp\/v2\/comments?post=35"}],"version-history":[{"count":4,"href":"https:\/\/joklamus.is\/index.php\/wp-json\/wp\/v2\/pages\/35\/revisions"}],"predecessor-version":[{"id":399,"href":"https:\/\/joklamus.is\/index.php\/wp-json\/wp\/v2\/pages\/35\/revisions\/399"}],"wp:attachment":[{"href":"https:\/\/joklamus.is\/index.php\/wp-json\/wp\/v2\/media?parent=35"}],"curies":[{"name":"wp","href":"https:\/\/api.w.org\/{rel}","templated":true}]}}