{"id":299,"date":"2022-09-15T16:12:24","date_gmt":"2022-09-15T16:12:24","guid":{"rendered":"https:\/\/joklamus.is\/index.php\/about-joklamus\/"},"modified":"2025-08-09T17:50:18","modified_gmt":"2025-08-09T17:50:18","slug":"about-joklamus","status":"publish","type":"page","link":"https:\/\/joklamus.is\/index.php\/about-joklamus\/","title":{"rendered":"About J\u00f6klam\u00fas"},"content":{"rendered":"\t\t<div data-elementor-type=\"wp-page\" data-elementor-id=\"299\" class=\"elementor elementor-299\" data-elementor-post-type=\"page\">\n\t\t\t\t<div class=\"elementor-element elementor-element-01d60b3 e-flex e-con-boxed e-con e-parent\" data-id=\"01d60b3\" data-element_type=\"container\" data-e-type=\"container\">\n\t\t\t\t\t<div class=\"e-con-inner\">\n\t\t\t\t<div class=\"elementor-element elementor-element-c2c7c70 elementor-widget elementor-widget-text-editor\" data-id=\"c2c7c70\" data-element_type=\"widget\" data-e-type=\"widget\" data-widget_type=\"text-editor.default\">\n\t\t\t\t<div class=\"elementor-widget-container\">\n\t\t\t\t\t\t\t\t\t<p><strong>J\u00f6klam\u00fas herbal cream is a cream that Sigur\u00f0ur Einarsson has been producing and developing for over 20 years.<\/strong><\/p>\n<p><strong>The product has the distinction of being a pure natural product, as its most active ingredients are herbs harvested in areas within Vatnaj\u00f6kull National Park.<\/strong><\/p>\n<p><strong>The products produced by J\u00f6klam\u00fas ehf are the following:<\/strong><\/p>\n<p><strong>J\u00f6klam\u00fas Heals 15ml \/ 30ml \/ 50 ml<\/strong><\/p>\n<p><strong>J\u00f6klam\u00fcs Lip Balm 15ml<\/strong><\/p>\n<p><strong>J\u00f6klam\u00fas Br\u00f3sta and Bossakrem 15 ml.<\/strong><\/p>\n\t\t\t\t\t\t\t\t<\/div>\n\t\t\t\t<\/div>\n\t\t<div class=\"elementor-element elementor-element-4fee070 e-con-full e-flex e-con e-child\" data-id=\"4fee070\" data-element_type=\"container\" data-e-type=\"container\">\n\t\t\t\t<div class=\"elementor-element elementor-element-3180a32 elementor-widget elementor-widget-image\" data-id=\"3180a32\" data-element_type=\"widget\" data-e-type=\"widget\" data-widget_type=\"image.default\">\n\t\t\t\t<div class=\"elementor-widget-container\">\n\t\t\t\t\t\t\t\t\t\t\t\t\t\t\t<img fetchpriority=\"high\" decoding=\"async\" width=\"1024\" height=\"1024\" src=\"https:\/\/joklamus.is\/wp-content\/uploads\/2022\/09\/Joklamus-vorur-natturlegt-1024x1024.png\" class=\"attachment-large size-large wp-image-82\" alt=\"J\u00f6klam\u00fas v\u00f6rur n\u00e1tt\u00farlegt\" srcset=\"https:\/\/joklamus.is\/wp-content\/uploads\/2022\/09\/Joklamus-vorur-natturlegt-1024x1024.png 1024w, https:\/\/joklamus.is\/wp-content\/uploads\/2022\/09\/Joklamus-vorur-natturlegt-100x100.png 100w, https:\/\/joklamus.is\/wp-content\/uploads\/2022\/09\/Joklamus-vorur-natturlegt-600x600.png 600w, https:\/\/joklamus.is\/wp-content\/uploads\/2022\/09\/Joklamus-vorur-natturlegt-300x300.png 300w, https:\/\/joklamus.is\/wp-content\/uploads\/2022\/09\/Joklamus-vorur-natturlegt-150x150.png 150w, https:\/\/joklamus.is\/wp-content\/uploads\/2022\/09\/Joklamus-vorur-natturlegt-768x768.png 768w, https:\/\/joklamus.is\/wp-content\/uploads\/2022\/09\/Joklamus-vorur-natturlegt.png 1080w\" sizes=\"(max-width: 1024px) 100vw, 1024px\" \/>\t\t\t\t\t\t\t\t\t\t\t\t\t\t\t<\/div>\n\t\t\t\t<\/div>\n\t\t\t\t<\/div>\n\t\t\t\t\t<\/div>\n\t\t\t\t<\/div>\n\t\t<div class=\"elementor-element elementor-element-586670a e-flex e-con-boxed e-con e-parent\" data-id=\"586670a\" data-element_type=\"container\" data-e-type=\"container\">\n\t\t\t\t\t<div class=\"e-con-inner\">\n\t\t<div class=\"elementor-element elementor-element-6fd52c3 e-con-full e-flex e-con e-child\" data-id=\"6fd52c3\" data-element_type=\"container\" data-e-type=\"container\">\n\t\t\t\t<div class=\"elementor-element elementor-element-f9683dd elementor-widget elementor-widget-text-editor\" data-id=\"f9683dd\" data-element_type=\"widget\" data-e-type=\"widget\" data-widget_type=\"text-editor.default\">\n\t\t\t\t<div class=\"elementor-widget-container\">\n\t\t\t\t\t\t\t\t\t<p>J\u00f6klam\u00fas ehf.<\/p>\n<p>Freyvangur 5<\/p>\n<p>850 Cave<\/p>\n<p>joklamus@joklamus.is<\/p>\n<p>+354 849 0007<\/p>\n\t\t\t\t\t\t\t\t<\/div>\n\t\t\t\t<\/div>\n\t\t\t\t<\/div>\n\t\t<div class=\"elementor-element elementor-element-cf2731f e-con-full e-flex e-con e-child\" data-id=\"cf2731f\" data-element_type=\"container\" data-e-type=\"container\">\n\t\t\t\t<div class=\"elementor-element elementor-element-83b593c elementor-widget elementor-widget-google_maps\" data-id=\"83b593c\" data-element_type=\"widget\" data-e-type=\"widget\" data-widget_type=\"google_maps.default\">\n\t\t\t\t<div class=\"elementor-widget-container\">\n\t\t\t\t\t\t\t<div class=\"elementor-custom-embed\">\n\t\t\t<iframe loading=\"lazy\"\n\t\t\t\t\tsrc=\"https:\/\/maps.google.com\/maps?q=Freyvangur%205%2C%20850%20hella%2C%20Iceland&#038;t=m&#038;z=10&#038;output=embed&#038;iwloc=near\"\n\t\t\t\t\ttitle=\"Freyvangur 5, 850 hella, Iceland\"\n\t\t\t\t\taria-label=\"Freyvangur 5, 850 hella, Iceland\"\n\t\t\t><\/iframe>\n\t\t<\/div>\n\t\t\t\t\t\t<\/div>\n\t\t\t\t<\/div>\n\t\t\t\t<\/div>\n\t\t\t\t\t<\/div>\n\t\t\t\t<\/div>\n\t\t\t\t<\/div>\n\t\t","protected":false},"excerpt":{"rendered":"<p>J\u00f6klam\u00fas herbal cream is a cream that Sigur\u00f0ur Einarsson has been producing and developing for over 20 years. The product has the distinction of being a pure natural product, as its most active ingredients are herbs harvested in areas within Vatnaj\u00f6kull National Park. The products produced by J\u00f6klam\u00fas ehf are the following: J\u00f6klam\u00fas Heals 15ml [&hellip;]<\/p>\n","protected":false},"author":1,"featured_media":0,"parent":0,"menu_order":7,"comment_status":"closed","ping_status":"closed","template":"","meta":{"footnotes":""},"class_list":["post-299","page","type-page","status-publish","hentry"],"blocksy_meta":{"styles_descriptor":{"styles":{"desktop":"","tablet":"","mobile":""},"google_fonts":[],"version":6}},"yoast_head":"<!-- This site is optimized with the Yoast SEO plugin v27.4 - https:\/\/yoast.com\/product\/yoast-seo-wordpress\/ -->\n<title>About J\u00f6klam\u00fas - J\u00f6klam\u00fas Gr\u00e6\u00f0ir<\/title>\n<meta name=\"robots\" content=\"index, follow, max-snippet:-1, max-image-preview:large, max-video-preview:-1\" \/>\n<link rel=\"canonical\" href=\"https:\/\/joklamus.is\/index.php\/about-joklamus\/\" \/>\n<meta property=\"og:locale\" content=\"en_US\" \/>\n<meta property=\"og:type\" content=\"article\" \/>\n<meta property=\"og:title\" content=\"About J\u00f6klam\u00fas - J\u00f6klam\u00fas Gr\u00e6\u00f0ir\" \/>\n<meta property=\"og:description\" content=\"J\u00f6klam\u00fas herbal cream is a cream that Sigur\u00f0ur Einarsson has been producing and developing for over 20 years. The product has the distinction of being a pure natural product, as its most active ingredients are herbs harvested in areas within Vatnaj\u00f6kull National Park. The products produced by J\u00f6klam\u00fas ehf are the following: J\u00f6klam\u00fas Heals 15ml [&hellip;]\" \/>\n<meta property=\"og:url\" content=\"https:\/\/joklamus.is\/index.php\/about-joklamus\/\" \/>\n<meta property=\"og:site_name\" content=\"J\u00f6klam\u00fas Gr\u00e6\u00f0ir\" \/>\n<meta property=\"article:modified_time\" content=\"2025-08-09T17:50:18+00:00\" \/>\n<meta property=\"og:image\" content=\"https:\/\/joklamus.is\/wp-content\/uploads\/2022\/09\/Joklamus-vorur-natturlegt.png\" \/>\n\t<meta property=\"og:image:width\" content=\"1080\" \/>\n\t<meta property=\"og:image:height\" content=\"1080\" \/>\n\t<meta property=\"og:image:type\" content=\"image\/png\" \/>\n<meta name=\"twitter:card\" content=\"summary_large_image\" \/>\n<script type=\"application\/ld+json\" class=\"yoast-schema-graph\">{\"@context\":\"https:\\\/\\\/schema.org\",\"@graph\":[{\"@type\":\"WebPage\",\"@id\":\"https:\\\/\\\/joklamus.is\\\/index.php\\\/about-joklamus\\\/\",\"url\":\"https:\\\/\\\/joklamus.is\\\/index.php\\\/about-joklamus\\\/\",\"name\":\"About J\u00f6klam\u00fas - J\u00f6klam\u00fas Gr\u00e6\u00f0ir\",\"isPartOf\":{\"@id\":\"https:\\\/\\\/joklamus.is\\\/#website\"},\"primaryImageOfPage\":{\"@id\":\"https:\\\/\\\/joklamus.is\\\/index.php\\\/about-joklamus\\\/#primaryimage\"},\"image\":{\"@id\":\"https:\\\/\\\/joklamus.is\\\/index.php\\\/about-joklamus\\\/#primaryimage\"},\"thumbnailUrl\":\"https:\\\/\\\/joklamus.is\\\/wp-content\\\/uploads\\\/2022\\\/09\\\/Joklamus-vorur-natturlegt-1024x1024.png\",\"datePublished\":\"2022-09-15T16:12:24+00:00\",\"dateModified\":\"2025-08-09T17:50:18+00:00\",\"breadcrumb\":{\"@id\":\"https:\\\/\\\/joklamus.is\\\/index.php\\\/about-joklamus\\\/#breadcrumb\"},\"inLanguage\":\"en-US\",\"potentialAction\":[{\"@type\":\"ReadAction\",\"target\":[\"https:\\\/\\\/joklamus.is\\\/index.php\\\/about-joklamus\\\/\"]}]},{\"@type\":\"ImageObject\",\"inLanguage\":\"en-US\",\"@id\":\"https:\\\/\\\/joklamus.is\\\/index.php\\\/about-joklamus\\\/#primaryimage\",\"url\":\"https:\\\/\\\/joklamus.is\\\/wp-content\\\/uploads\\\/2022\\\/09\\\/Joklamus-vorur-natturlegt.png\",\"contentUrl\":\"https:\\\/\\\/joklamus.is\\\/wp-content\\\/uploads\\\/2022\\\/09\\\/Joklamus-vorur-natturlegt.png\",\"width\":1080,\"height\":1080,\"caption\":\"J\u00f6klam\u00fas v\u00f6rur n\u00e1tt\u00farlegt\"},{\"@type\":\"BreadcrumbList\",\"@id\":\"https:\\\/\\\/joklamus.is\\\/index.php\\\/about-joklamus\\\/#breadcrumb\",\"itemListElement\":[{\"@type\":\"ListItem\",\"position\":1,\"name\":\"Home\",\"item\":\"https:\\\/\\\/joklamus.is\\\/\"},{\"@type\":\"ListItem\",\"position\":2,\"name\":\"About J\u00f6klam\u00fas\"}]},{\"@type\":\"WebSite\",\"@id\":\"https:\\\/\\\/joklamus.is\\\/#website\",\"url\":\"https:\\\/\\\/joklamus.is\\\/\",\"name\":\"J\u00f6klam\u00fas Gr\u00e6\u00f0ir\",\"description\":\"N\u00e1tt\u00farulegur Gr\u00e6\u00f0ir fyrir Brunas\u00e1r og Varir\",\"potentialAction\":[{\"@type\":\"SearchAction\",\"target\":{\"@type\":\"EntryPoint\",\"urlTemplate\":\"https:\\\/\\\/joklamus.is\\\/?s={search_term_string}\"},\"query-input\":{\"@type\":\"PropertyValueSpecification\",\"valueRequired\":true,\"valueName\":\"search_term_string\"}}],\"inLanguage\":\"en-US\"}]}<\/script>\n<!-- \/ Yoast SEO plugin. -->","yoast_head_json":{"title":"About J\u00f6klam\u00fas - J\u00f6klam\u00fas Gr\u00e6\u00f0ir","robots":{"index":"index","follow":"follow","max-snippet":"max-snippet:-1","max-image-preview":"max-image-preview:large","max-video-preview":"max-video-preview:-1"},"canonical":"https:\/\/joklamus.is\/index.php\/about-joklamus\/","og_locale":"en_US","og_type":"article","og_title":"About J\u00f6klam\u00fas - J\u00f6klam\u00fas Gr\u00e6\u00f0ir","og_description":"J\u00f6klam\u00fas herbal cream is a cream that Sigur\u00f0ur Einarsson has been producing and developing for over 20 years. The product has the distinction of being a pure natural product, as its most active ingredients are herbs harvested in areas within Vatnaj\u00f6kull National Park. The products produced by J\u00f6klam\u00fas ehf are the following: J\u00f6klam\u00fas Heals 15ml [&hellip;]","og_url":"https:\/\/joklamus.is\/index.php\/about-joklamus\/","og_site_name":"J\u00f6klam\u00fas Gr\u00e6\u00f0ir","article_modified_time":"2025-08-09T17:50:18+00:00","og_image":[{"width":1080,"height":1080,"url":"https:\/\/joklamus.is\/wp-content\/uploads\/2022\/09\/Joklamus-vorur-natturlegt.png","type":"image\/png"}],"twitter_card":"summary_large_image","schema":{"@context":"https:\/\/schema.org","@graph":[{"@type":"WebPage","@id":"https:\/\/joklamus.is\/index.php\/about-joklamus\/","url":"https:\/\/joklamus.is\/index.php\/about-joklamus\/","name":"About J\u00f6klam\u00fas - J\u00f6klam\u00fas Gr\u00e6\u00f0ir","isPartOf":{"@id":"https:\/\/joklamus.is\/#website"},"primaryImageOfPage":{"@id":"https:\/\/joklamus.is\/index.php\/about-joklamus\/#primaryimage"},"image":{"@id":"https:\/\/joklamus.is\/index.php\/about-joklamus\/#primaryimage"},"thumbnailUrl":"https:\/\/joklamus.is\/wp-content\/uploads\/2022\/09\/Joklamus-vorur-natturlegt-1024x1024.png","datePublished":"2022-09-15T16:12:24+00:00","dateModified":"2025-08-09T17:50:18+00:00","breadcrumb":{"@id":"https:\/\/joklamus.is\/index.php\/about-joklamus\/#breadcrumb"},"inLanguage":"en-US","potentialAction":[{"@type":"ReadAction","target":["https:\/\/joklamus.is\/index.php\/about-joklamus\/"]}]},{"@type":"ImageObject","inLanguage":"en-US","@id":"https:\/\/joklamus.is\/index.php\/about-joklamus\/#primaryimage","url":"https:\/\/joklamus.is\/wp-content\/uploads\/2022\/09\/Joklamus-vorur-natturlegt.png","contentUrl":"https:\/\/joklamus.is\/wp-content\/uploads\/2022\/09\/Joklamus-vorur-natturlegt.png","width":1080,"height":1080,"caption":"J\u00f6klam\u00fas v\u00f6rur n\u00e1tt\u00farlegt"},{"@type":"BreadcrumbList","@id":"https:\/\/joklamus.is\/index.php\/about-joklamus\/#breadcrumb","itemListElement":[{"@type":"ListItem","position":1,"name":"Home","item":"https:\/\/joklamus.is\/"},{"@type":"ListItem","position":2,"name":"About J\u00f6klam\u00fas"}]},{"@type":"WebSite","@id":"https:\/\/joklamus.is\/#website","url":"https:\/\/joklamus.is\/","name":"J\u00f6klam\u00fas Gr\u00e6\u00f0ir","description":"N\u00e1tt\u00farulegur Gr\u00e6\u00f0ir fyrir Brunas\u00e1r og Varir","potentialAction":[{"@type":"SearchAction","target":{"@type":"EntryPoint","urlTemplate":"https:\/\/joklamus.is\/?s={search_term_string}"},"query-input":{"@type":"PropertyValueSpecification","valueRequired":true,"valueName":"search_term_string"}}],"inLanguage":"en-US"}]}},"_links":{"self":[{"href":"https:\/\/joklamus.is\/index.php\/wp-json\/wp\/v2\/pages\/299","targetHints":{"allow":["GET"]}}],"collection":[{"href":"https:\/\/joklamus.is\/index.php\/wp-json\/wp\/v2\/pages"}],"about":[{"href":"https:\/\/joklamus.is\/index.php\/wp-json\/wp\/v2\/types\/page"}],"author":[{"embeddable":true,"href":"https:\/\/joklamus.is\/index.php\/wp-json\/wp\/v2\/users\/1"}],"replies":[{"embeddable":true,"href":"https:\/\/joklamus.is\/index.php\/wp-json\/wp\/v2\/comments?post=299"}],"version-history":[{"count":2,"href":"https:\/\/joklamus.is\/index.php\/wp-json\/wp\/v2\/pages\/299\/revisions"}],"predecessor-version":[{"id":306,"href":"https:\/\/joklamus.is\/index.php\/wp-json\/wp\/v2\/pages\/299\/revisions\/306"}],"wp:attachment":[{"href":"https:\/\/joklamus.is\/index.php\/wp-json\/wp\/v2\/media?parent=299"}],"curies":[{"name":"wp","href":"https:\/\/api.w.org\/{rel}","templated":true}]}}