{"id":26,"date":"2022-09-15T16:09:02","date_gmt":"2022-09-15T16:09:02","guid":{"rendered":"https:\/\/joklamus.is\/?page_id=26"},"modified":"2026-03-05T20:35:27","modified_gmt":"2026-03-05T20:35:27","slug":"vorur","status":"publish","type":"page","link":"https:\/\/joklamus.is\/index.php\/vorur\/","title":{"rendered":"V\u00f6rur"},"content":{"rendered":"\t\t<div data-elementor-type=\"wp-page\" data-elementor-id=\"26\" class=\"elementor elementor-26\" data-elementor-post-type=\"page\">\n\t\t\t\t<div class=\"elementor-element elementor-element-014e908 e-flex e-con-boxed e-con e-parent\" data-id=\"014e908\" data-element_type=\"container\" data-e-type=\"container\">\n\t\t\t\t\t<div class=\"e-con-inner\">\n\t\t\t\t<div class=\"elementor-element elementor-element-68a52a9 elementor-grid-1 elementor-product-loop-item--align-center elementor-grid-tablet-3 elementor-grid-mobile-2 elementor-products-grid elementor-wc-products elementor-show-pagination-border-yes elementor-widget elementor-widget-woocommerce-products\" data-id=\"68a52a9\" data-element_type=\"widget\" data-e-type=\"widget\" data-widget_type=\"woocommerce-products.default\">\n\t\t\t\t<div class=\"elementor-widget-container\">\n\t\t\t\t\t<div class=\"woocommerce columns-1 \"><div class=\"woocommerce-notices-wrapper\"><\/div><div class=\"woo-listing-top\"><\/div><ul class=\"products elementor-grid columns-1\" data-products=\"type-1\">\n<li class=\"product type-product post-413 status-publish first instock product_cat-joklamus product_tag-brunasar product_tag-fjolskyldupakki product_tag-graedir product_tag-joklamus product_tag-sar-og-huderting has-post-thumbnail sale shipping-taxable purchasable product-type-simple\">\n\t<a href=\"https:\/\/joklamus.is\/index.php\/product\/joklamus-fjolskyldupakki\/\" class=\"woocommerce-LoopProduct-link woocommerce-loop-product__link\">\n\t<span class=\"onsale\" data-shape=\"type-2\">SALE<\/span>\n\t<img fetchpriority=\"high\" decoding=\"async\" width=\"300\" height=\"400\" src=\"https:\/\/joklamus.is\/wp-content\/uploads\/2022\/09\/cropped-Joklamus-Graedir-front-300x400.png\" class=\"attachment-woocommerce_thumbnail size-woocommerce_thumbnail\" alt=\"J\u00f6klam\u00fas Gr\u00e6\u00f0ir\" \/><h2 class=\"woocommerce-loop-product__title\">J\u00f6klam\u00fas Fj\u00f6lskyldupakki<\/h2>\n\t<span class=\"price\"><span class=\"sale-price\"><del aria-hidden=\"true\"><span class=\"woocommerce-Price-amount amount\"><bdi>6.800&nbsp;<span class=\"woocommerce-Price-currencySymbol\">kr.<\/span><\/bdi><\/span><\/del> <span class=\"screen-reader-text\">Original price was: 6.800&nbsp;kr..<\/span><ins aria-hidden=\"true\"><span class=\"woocommerce-Price-amount amount\"><bdi>5.440&nbsp;<span class=\"woocommerce-Price-currencySymbol\">kr.<\/span><\/bdi><\/span><\/ins><span class=\"screen-reader-text\">Current price is: 5.440&nbsp;kr..<\/span><\/span><\/span>\n<\/a><div class=\"woocommerce-loop-product__buttons\"><a href=\"\/index.php\/wp-json\/wp\/v2\/pages\/26?add-to-cart=413\" aria-describedby=\"woocommerce_loop_add_to_cart_link_describedby_413\" data-quantity=\"1\" class=\"button product_type_simple add_to_cart_button ajax_add_to_cart\" data-product_id=\"413\" data-product_sku=\"1003-4\" aria-label=\"Add to cart: &ldquo;J\u00f6klam\u00fas Fj\u00f6lskyldupakki&rdquo;\" rel=\"nofollow\" data-success_message=\"&ldquo;J\u00f6klam\u00fas Fj\u00f6lskyldupakki&rdquo; has been added to your cart\" role=\"button\">Add to cart<\/a><\/div>\t<span id=\"woocommerce_loop_add_to_cart_link_describedby_413\" class=\"screen-reader-text\">\n\t\t\t<\/span>\n<\/li>\n<\/ul>\n<\/div>\t\t\t\t<\/div>\n\t\t\t\t<\/div>\n\t\t\t\t\t<\/div>\n\t\t\t\t<\/div>\n\t\t<div class=\"elementor-element elementor-element-5c95e31 e-con-full e-flex e-con e-parent\" data-id=\"5c95e31\" data-element_type=\"container\" data-e-type=\"container\">\n\t\t\t\t<div class=\"elementor-element elementor-element-46f3ddb elementor-product-loop-item--align-center elementor-grid-4 elementor-grid-tablet-3 elementor-grid-mobile-2 elementor-products-grid elementor-wc-products elementor-show-pagination-border-yes elementor-widget elementor-widget-woocommerce-products\" data-id=\"46f3ddb\" data-element_type=\"widget\" data-e-type=\"widget\" data-widget_type=\"woocommerce-products.default\">\n\t\t\t\t<div class=\"elementor-widget-container\">\n\t\t\t\t\t<div class=\"woocommerce columns-4 \"><div class=\"woocommerce-notices-wrapper\"><\/div><div class=\"woo-listing-top\"><\/div><ul class=\"products elementor-grid columns-4\" data-products=\"type-1\">\n<li class=\"product type-product post-146 status-publish first instock product_cat-joklamus product_tag-brunasar product_tag-graedir product_tag-joklamus product_tag-sar-og-huderting has-post-thumbnail shipping-taxable purchasable product-type-simple\">\n\t<a href=\"https:\/\/joklamus.is\/index.php\/product\/joklamus-brjosta-og-bossakrem\/\" class=\"woocommerce-LoopProduct-link woocommerce-loop-product__link\"><img decoding=\"async\" width=\"300\" height=\"400\" src=\"https:\/\/joklamus.is\/wp-content\/uploads\/2022\/09\/Joklamus-Brjosta-Bossakrem-front-1-300x400.png\" class=\"attachment-woocommerce_thumbnail size-woocommerce_thumbnail\" alt=\"J\u00f6klam\u00fas Brj\u00f3sta &amp; Bossakrem front\" \/><h2 class=\"woocommerce-loop-product__title\">J\u00f6klam\u00fas Brj\u00f3sta og Bossakrem 15 ml<\/h2>\n\t<span class=\"price\"><span class=\"woocommerce-Price-amount amount\"><bdi>2.950&nbsp;<span class=\"woocommerce-Price-currencySymbol\">kr.<\/span><\/bdi><\/span><\/span>\n<\/a><div class=\"woocommerce-loop-product__buttons\"><a href=\"\/index.php\/wp-json\/wp\/v2\/pages\/26?add-to-cart=146\" aria-describedby=\"woocommerce_loop_add_to_cart_link_describedby_146\" data-quantity=\"1\" class=\"button product_type_simple add_to_cart_button ajax_add_to_cart\" data-product_id=\"146\" data-product_sku=\"1003\" aria-label=\"Add to cart: &ldquo;J\u00f6klam\u00fas Brj\u00f3sta og Bossakrem 15 ml&rdquo;\" rel=\"nofollow\" data-success_message=\"&ldquo;J\u00f6klam\u00fas Brj\u00f3sta og Bossakrem 15 ml&rdquo; has been added to your cart\" role=\"button\">Add to cart<\/a><\/div>\t<span id=\"woocommerce_loop_add_to_cart_link_describedby_146\" class=\"screen-reader-text\">\n\t\t\t<\/span>\n<\/li>\n<li class=\"product type-product post-145 status-publish instock product_cat-joklamus product_tag-brunasar product_tag-graedir product_tag-joklamus product_tag-varagraedir product_tag-varathurkur has-post-thumbnail shipping-taxable purchasable product-type-simple\">\n\t<a href=\"https:\/\/joklamus.is\/index.php\/product\/joklamus-varagraedir\/\" class=\"woocommerce-LoopProduct-link woocommerce-loop-product__link\"><img decoding=\"async\" width=\"300\" height=\"400\" src=\"https:\/\/joklamus.is\/wp-content\/uploads\/2022\/09\/Joklamus-Varagraedir-front-1-300x400.png\" class=\"attachment-woocommerce_thumbnail size-woocommerce_thumbnail\" alt=\"J\u00f6klam\u00fas Varagr\u00e6\u00f0ir front\" \/><h2 class=\"woocommerce-loop-product__title\">J\u00f6klam\u00fas Varagr\u00e6\u00f0ir 15 ml<\/h2>\n\t<span class=\"price\"><span class=\"woocommerce-Price-amount amount\"><bdi>2.950&nbsp;<span class=\"woocommerce-Price-currencySymbol\">kr.<\/span><\/bdi><\/span><\/span>\n<\/a><div class=\"woocommerce-loop-product__buttons\"><a href=\"\/index.php\/wp-json\/wp\/v2\/pages\/26?add-to-cart=145\" aria-describedby=\"woocommerce_loop_add_to_cart_link_describedby_145\" data-quantity=\"1\" class=\"button product_type_simple add_to_cart_button ajax_add_to_cart\" data-product_id=\"145\" data-product_sku=\"1002\" aria-label=\"Add to cart: &ldquo;J\u00f6klam\u00fas Varagr\u00e6\u00f0ir 15 ml&rdquo;\" rel=\"nofollow\" data-success_message=\"&ldquo;J\u00f6klam\u00fas Varagr\u00e6\u00f0ir 15 ml&rdquo; has been added to your cart\" role=\"button\">Add to cart<\/a><\/div>\t<span id=\"woocommerce_loop_add_to_cart_link_describedby_145\" class=\"screen-reader-text\">\n\t\t\t<\/span>\n<\/li>\n<li class=\"product type-product post-144 status-publish instock product_cat-joklamus product_tag-brunasar product_tag-graedir product_tag-joklamus has-post-thumbnail shipping-taxable purchasable product-type-simple\">\n\t<a href=\"https:\/\/joklamus.is\/index.php\/product\/joklamus-graedir-30-ml\/\" class=\"woocommerce-LoopProduct-link woocommerce-loop-product__link\"><img loading=\"lazy\" decoding=\"async\" width=\"300\" height=\"400\" src=\"https:\/\/joklamus.is\/wp-content\/uploads\/2022\/09\/Joklamus-Graedir-front-1-300x400.png\" class=\"attachment-woocommerce_thumbnail size-woocommerce_thumbnail\" alt=\"J\u00f6klam\u00fas Gr\u00e6\u00f0ir front\" \/><h2 class=\"woocommerce-loop-product__title\">J\u00f6klam\u00fas Gr\u00e6\u00f0ir 30 ml<\/h2>\n\t<span class=\"price\"><span class=\"woocommerce-Price-amount amount\"><bdi>3.850&nbsp;<span class=\"woocommerce-Price-currencySymbol\">kr.<\/span><\/bdi><\/span><\/span>\n<\/a><div class=\"woocommerce-loop-product__buttons\"><a href=\"\/index.php\/wp-json\/wp\/v2\/pages\/26?add-to-cart=144\" aria-describedby=\"woocommerce_loop_add_to_cart_link_describedby_144\" data-quantity=\"1\" class=\"button product_type_simple add_to_cart_button ajax_add_to_cart\" data-product_id=\"144\" data-product_sku=\"1005\" aria-label=\"Add to cart: &ldquo;J\u00f6klam\u00fas Gr\u00e6\u00f0ir 30 ml&rdquo;\" rel=\"nofollow\" data-success_message=\"&ldquo;J\u00f6klam\u00fas Gr\u00e6\u00f0ir 30 ml&rdquo; has been added to your cart\" role=\"button\">Add to cart<\/a><\/div>\t<span id=\"woocommerce_loop_add_to_cart_link_describedby_144\" class=\"screen-reader-text\">\n\t\t\t<\/span>\n<\/li>\n<li class=\"product type-product post-143 status-publish last instock product_cat-joklamus product_tag-brunasar product_tag-graedir product_tag-joklamus has-post-thumbnail shipping-taxable purchasable product-type-simple\">\n\t<a href=\"https:\/\/joklamus.is\/index.php\/product\/joklamus-graedir-15-ml\/\" class=\"woocommerce-LoopProduct-link woocommerce-loop-product__link\"><img loading=\"lazy\" decoding=\"async\" width=\"300\" height=\"400\" src=\"https:\/\/joklamus.is\/wp-content\/uploads\/2022\/09\/Joklamus-Graedir-front-300x400.png\" class=\"attachment-woocommerce_thumbnail size-woocommerce_thumbnail\" alt=\"J\u00f6klam\u00fas Gr\u00e6\u00f0ir\" \/><h2 class=\"woocommerce-loop-product__title\">J\u00f6klam\u00fas Gr\u00e6\u00f0ir 15 ml<\/h2>\n\t<span class=\"price\"><span class=\"woocommerce-Price-amount amount\"><bdi>2.950&nbsp;<span class=\"woocommerce-Price-currencySymbol\">kr.<\/span><\/bdi><\/span><\/span>\n<\/a><div class=\"woocommerce-loop-product__buttons\"><a href=\"\/index.php\/wp-json\/wp\/v2\/pages\/26?add-to-cart=143\" aria-describedby=\"woocommerce_loop_add_to_cart_link_describedby_143\" data-quantity=\"1\" class=\"button product_type_simple add_to_cart_button ajax_add_to_cart\" data-product_id=\"143\" data-product_sku=\"1001\" aria-label=\"Add to cart: &ldquo;J\u00f6klam\u00fas Gr\u00e6\u00f0ir 15 ml&rdquo;\" rel=\"nofollow\" data-success_message=\"&ldquo;J\u00f6klam\u00fas Gr\u00e6\u00f0ir 15 ml&rdquo; has been added to your cart\" role=\"button\">Add to cart<\/a><\/div>\t<span id=\"woocommerce_loop_add_to_cart_link_describedby_143\" class=\"screen-reader-text\">\n\t\t\t<\/span>\n<\/li>\n<\/ul>\n<\/div>\t\t\t\t<\/div>\n\t\t\t\t<\/div>\n\t\t\t\t<\/div>\n\t\t\t\t<\/div>\n\t\t","protected":false},"excerpt":{"rendered":"","protected":false},"author":1,"featured_media":0,"parent":0,"menu_order":0,"comment_status":"closed","ping_status":"closed","template":"","meta":{"footnotes":""},"class_list":["post-26","page","type-page","status-publish","hentry"],"blocksy_meta":{"styles_descriptor":{"styles":{"desktop":"","tablet":"","mobile":""},"google_fonts":[],"version":6}},"yoast_head":"<!-- This site is optimized with the Yoast SEO plugin v27.4 - https:\/\/yoast.com\/product\/yoast-seo-wordpress\/ -->\n<title>V\u00f6rur - J\u00f6klam\u00fas Gr\u00e6\u00f0ir<\/title>\n<meta name=\"robots\" content=\"index, follow, max-snippet:-1, max-image-preview:large, max-video-preview:-1\" \/>\n<link rel=\"canonical\" href=\"https:\/\/joklamus.is\/index.php\/vorur\/\" \/>\n<meta property=\"og:locale\" content=\"en_US\" \/>\n<meta property=\"og:type\" content=\"article\" \/>\n<meta property=\"og:title\" content=\"V\u00f6rur - J\u00f6klam\u00fas Gr\u00e6\u00f0ir\" \/>\n<meta property=\"og:url\" content=\"https:\/\/joklamus.is\/index.php\/vorur\/\" \/>\n<meta property=\"og:site_name\" content=\"J\u00f6klam\u00fas Gr\u00e6\u00f0ir\" \/>\n<meta property=\"article:modified_time\" content=\"2026-03-05T20:35:27+00:00\" \/>\n<meta name=\"twitter:card\" content=\"summary_large_image\" \/>\n<meta name=\"twitter:label1\" content=\"Est. reading time\" \/>\n\t<meta name=\"twitter:data1\" content=\"2 minutes\" \/>\n<script type=\"application\/ld+json\" class=\"yoast-schema-graph\">{\"@context\":\"https:\\\/\\\/schema.org\",\"@graph\":[{\"@type\":\"WebPage\",\"@id\":\"https:\\\/\\\/joklamus.is\\\/index.php\\\/vorur\\\/\",\"url\":\"https:\\\/\\\/joklamus.is\\\/index.php\\\/vorur\\\/\",\"name\":\"V\u00f6rur - J\u00f6klam\u00fas Gr\u00e6\u00f0ir\",\"isPartOf\":{\"@id\":\"https:\\\/\\\/joklamus.is\\\/#website\"},\"datePublished\":\"2022-09-15T16:09:02+00:00\",\"dateModified\":\"2026-03-05T20:35:27+00:00\",\"breadcrumb\":{\"@id\":\"https:\\\/\\\/joklamus.is\\\/index.php\\\/vorur\\\/#breadcrumb\"},\"inLanguage\":\"en-US\",\"potentialAction\":[{\"@type\":\"ReadAction\",\"target\":[\"https:\\\/\\\/joklamus.is\\\/index.php\\\/vorur\\\/\"]}]},{\"@type\":\"BreadcrumbList\",\"@id\":\"https:\\\/\\\/joklamus.is\\\/index.php\\\/vorur\\\/#breadcrumb\",\"itemListElement\":[{\"@type\":\"ListItem\",\"position\":1,\"name\":\"Home\",\"item\":\"https:\\\/\\\/joklamus.is\\\/\"},{\"@type\":\"ListItem\",\"position\":2,\"name\":\"V\u00f6rur\"}]},{\"@type\":\"WebSite\",\"@id\":\"https:\\\/\\\/joklamus.is\\\/#website\",\"url\":\"https:\\\/\\\/joklamus.is\\\/\",\"name\":\"J\u00f6klam\u00fas Gr\u00e6\u00f0ir\",\"description\":\"N\u00e1tt\u00farulegur Gr\u00e6\u00f0ir fyrir Brunas\u00e1r og Varir\",\"potentialAction\":[{\"@type\":\"SearchAction\",\"target\":{\"@type\":\"EntryPoint\",\"urlTemplate\":\"https:\\\/\\\/joklamus.is\\\/?s={search_term_string}\"},\"query-input\":{\"@type\":\"PropertyValueSpecification\",\"valueRequired\":true,\"valueName\":\"search_term_string\"}}],\"inLanguage\":\"en-US\"}]}<\/script>\n<!-- \/ Yoast SEO plugin. -->","yoast_head_json":{"title":"V\u00f6rur - J\u00f6klam\u00fas Gr\u00e6\u00f0ir","robots":{"index":"index","follow":"follow","max-snippet":"max-snippet:-1","max-image-preview":"max-image-preview:large","max-video-preview":"max-video-preview:-1"},"canonical":"https:\/\/joklamus.is\/index.php\/vorur\/","og_locale":"en_US","og_type":"article","og_title":"V\u00f6rur - J\u00f6klam\u00fas Gr\u00e6\u00f0ir","og_url":"https:\/\/joklamus.is\/index.php\/vorur\/","og_site_name":"J\u00f6klam\u00fas Gr\u00e6\u00f0ir","article_modified_time":"2026-03-05T20:35:27+00:00","twitter_card":"summary_large_image","twitter_misc":{"Est. reading time":"2 minutes"},"schema":{"@context":"https:\/\/schema.org","@graph":[{"@type":"WebPage","@id":"https:\/\/joklamus.is\/index.php\/vorur\/","url":"https:\/\/joklamus.is\/index.php\/vorur\/","name":"V\u00f6rur - J\u00f6klam\u00fas Gr\u00e6\u00f0ir","isPartOf":{"@id":"https:\/\/joklamus.is\/#website"},"datePublished":"2022-09-15T16:09:02+00:00","dateModified":"2026-03-05T20:35:27+00:00","breadcrumb":{"@id":"https:\/\/joklamus.is\/index.php\/vorur\/#breadcrumb"},"inLanguage":"en-US","potentialAction":[{"@type":"ReadAction","target":["https:\/\/joklamus.is\/index.php\/vorur\/"]}]},{"@type":"BreadcrumbList","@id":"https:\/\/joklamus.is\/index.php\/vorur\/#breadcrumb","itemListElement":[{"@type":"ListItem","position":1,"name":"Home","item":"https:\/\/joklamus.is\/"},{"@type":"ListItem","position":2,"name":"V\u00f6rur"}]},{"@type":"WebSite","@id":"https:\/\/joklamus.is\/#website","url":"https:\/\/joklamus.is\/","name":"J\u00f6klam\u00fas Gr\u00e6\u00f0ir","description":"N\u00e1tt\u00farulegur Gr\u00e6\u00f0ir fyrir Brunas\u00e1r og Varir","potentialAction":[{"@type":"SearchAction","target":{"@type":"EntryPoint","urlTemplate":"https:\/\/joklamus.is\/?s={search_term_string}"},"query-input":{"@type":"PropertyValueSpecification","valueRequired":true,"valueName":"search_term_string"}}],"inLanguage":"en-US"}]}},"_links":{"self":[{"href":"https:\/\/joklamus.is\/index.php\/wp-json\/wp\/v2\/pages\/26","targetHints":{"allow":["GET"]}}],"collection":[{"href":"https:\/\/joklamus.is\/index.php\/wp-json\/wp\/v2\/pages"}],"about":[{"href":"https:\/\/joklamus.is\/index.php\/wp-json\/wp\/v2\/types\/page"}],"author":[{"embeddable":true,"href":"https:\/\/joklamus.is\/index.php\/wp-json\/wp\/v2\/users\/1"}],"replies":[{"embeddable":true,"href":"https:\/\/joklamus.is\/index.php\/wp-json\/wp\/v2\/comments?post=26"}],"version-history":[{"count":22,"href":"https:\/\/joklamus.is\/index.php\/wp-json\/wp\/v2\/pages\/26\/revisions"}],"predecessor-version":[{"id":429,"href":"https:\/\/joklamus.is\/index.php\/wp-json\/wp\/v2\/pages\/26\/revisions\/429"}],"wp:attachment":[{"href":"https:\/\/joklamus.is\/index.php\/wp-json\/wp\/v2\/media?parent=26"}],"curies":[{"name":"wp","href":"https:\/\/api.w.org\/{rel}","templated":true}]}}