{"id":14,"date":"2022-09-15T15:42:17","date_gmt":"2022-09-15T15:42:17","guid":{"rendered":"https:\/\/joklamus.is\/?page_id=14"},"modified":"2026-03-05T19:52:06","modified_gmt":"2026-03-05T19:52:06","slug":"joklamus","status":"publish","type":"page","link":"https:\/\/joklamus.is\/","title":{"rendered":"J\u00f6klam\u00fas"},"content":{"rendered":"\t\t<div data-elementor-type=\"wp-page\" data-elementor-id=\"14\" class=\"elementor elementor-14\" data-elementor-post-type=\"page\">\n\t\t\t\t<div class=\"elementor-element elementor-element-f8ec6e9 e-con-full e-flex e-con e-parent\" data-id=\"f8ec6e9\" data-element_type=\"container\" data-e-type=\"container\">\n\t\t\t\t<div class=\"elementor-element elementor-element-b7e1acb elementor-widget elementor-widget-heading\" data-id=\"b7e1acb\" data-element_type=\"widget\" data-e-type=\"widget\" data-widget_type=\"heading.default\">\n\t\t\t\t<div class=\"elementor-widget-container\">\n\t\t\t\t\t<h1 class=\"elementor-heading-title elementor-size-default\">N\u00e1tt\u00farulegt Gr\u00e6\u00f0andi Krem \u00far 18 \u00cdslenskum Jurtum<\/h1>\t\t\t\t<\/div>\n\t\t\t\t<\/div>\n\t\t\t\t<\/div>\n\t\t<div class=\"elementor-element elementor-element-4cfa1cf e-con-full e-flex e-con e-parent\" data-id=\"4cfa1cf\" data-element_type=\"container\" data-e-type=\"container\">\n\t\t\t\t<div class=\"elementor-element elementor-element-71ec2d9 elementor-widget elementor-widget-heading\" data-id=\"71ec2d9\" data-element_type=\"widget\" data-e-type=\"widget\" data-widget_type=\"heading.default\">\n\t\t\t\t<div class=\"elementor-widget-container\">\n\t\t\t\t\t<h4 class=\"elementor-heading-title elementor-size-default\">Hj\u00e1lpar vi\u00f0 Brunas\u00e1r, \u00deurrk, Exem, Bleyjus\u00e1r og S\u00e1r. \nHandgert \u00e1 \u00cdslandi.<\/h4>\t\t\t\t<\/div>\n\t\t\t\t<\/div>\n\t\t\t\t<\/div>\n\t\t<div class=\"elementor-element elementor-element-95129db e-con-full e-flex e-con e-parent\" data-id=\"95129db\" data-element_type=\"container\" data-e-type=\"container\" data-settings=\"{&quot;background_background&quot;:&quot;classic&quot;,&quot;shape_divider_top&quot;:&quot;mountains&quot;}\">\n\t\t\t\t<div class=\"elementor-shape elementor-shape-top\" aria-hidden=\"true\" data-negative=\"false\">\n\t\t\t<svg xmlns=\"http:\/\/www.w3.org\/2000\/svg\" viewBox=\"0 0 1000 100\" preserveAspectRatio=\"none\">\n\t<path class=\"elementor-shape-fill\" opacity=\"0.33\" d=\"M473,67.3c-203.9,88.3-263.1-34-320.3,0C66,119.1,0,59.7,0,59.7V0h1000v59.7 c0,0-62.1,26.1-94.9,29.3c-32.8,3.3-62.8-12.3-75.8-22.1C806,49.6,745.3,8.7,694.9,4.7S492.4,59,473,67.3z\"\/>\n\t<path class=\"elementor-shape-fill\" opacity=\"0.66\" d=\"M734,67.3c-45.5,0-77.2-23.2-129.1-39.1c-28.6-8.7-150.3-10.1-254,39.1 s-91.7-34.4-149.2,0C115.7,118.3,0,39.8,0,39.8V0h1000v36.5c0,0-28.2-18.5-92.1-18.5C810.2,18.1,775.7,67.3,734,67.3z\"\/>\n\t<path class=\"elementor-shape-fill\" d=\"M766.1,28.9c-200-57.5-266,65.5-395.1,19.5C242,1.8,242,5.4,184.8,20.6C128,35.8,132.3,44.9,89.9,52.5C28.6,63.7,0,0,0,0 h1000c0,0-9.9,40.9-83.6,48.1S829.6,47,766.1,28.9z\"\/>\n<\/svg>\t\t<\/div>\n\t\t<div class=\"elementor-element elementor-element-403090c e-con-full e-flex e-con e-child\" data-id=\"403090c\" data-element_type=\"container\" data-e-type=\"container\">\n\t\t\t\t<div class=\"elementor-element elementor-element-9e5d1c7 elementor-cta--skin-classic elementor-animated-content elementor-bg-transform elementor-bg-transform-zoom-in elementor-widget elementor-widget-call-to-action\" data-id=\"9e5d1c7\" data-element_type=\"widget\" data-e-type=\"widget\" data-widget_type=\"call-to-action.default\">\n\t\t\t\t<div class=\"elementor-widget-container\">\n\t\t\t\t\t\t\t<div class=\"elementor-cta\">\n\t\t\t\t\t<div class=\"elementor-cta__bg-wrapper\">\n\t\t\t\t<div class=\"elementor-cta__bg elementor-bg\" style=\"background-image: url(https:\/\/joklamus.is\/wp-content\/uploads\/2022\/09\/Joklamus-Graedir-front-1-600x600.png);\" role=\"img\" aria-label=\"J\u00f6klam\u00fas Gr\u00e6\u00f0ir front\"><\/div>\n\t\t\t\t<div class=\"elementor-cta__bg-overlay\"><\/div>\n\t\t\t<\/div>\n\t\t\t\t\t\t\t<div class=\"elementor-cta__content\">\n\t\t\t\t\n\t\t\t\t\t\t\t\t\t<h2 class=\"elementor-cta__title elementor-cta__content-item elementor-content-item\">\n\t\t\t\t\t\tJ\u00f6klam\u00fas Gr\u00e6\u00f0ir \t\t\t\t\t<\/h2>\n\t\t\t\t\n\t\t\t\t\t\t\t\t\t<div class=\"elementor-cta__description elementor-cta__content-item elementor-content-item\">\n\t\t\t\t\t\tN\u00e1tt\u00farulegur Gr\u00e6\u00f0ir \u00e1n allra aukaefna fyrir Bruna- og Nudds\u00e1r.\t\t\t\t\t<\/div>\n\t\t\t\t\n\t\t\t\t\t\t\t\t\t<div class=\"elementor-cta__button-wrapper elementor-cta__content-item elementor-content-item \">\n\t\t\t\t\t<a class=\"elementor-cta__button elementor-button elementor-size-\" href=\"https:\/\/joklamus.is\/index.php\/product\/joklamus-graedir-15-ml\/\">\n\t\t\t\t\t\tKaupa\t\t\t\t\t<\/a>\n\t\t\t\t\t<\/div>\n\t\t\t\t\t\t\t<\/div>\n\t\t\t\t\t\t<\/div>\n\t\t\t\t\t\t<\/div>\n\t\t\t\t<\/div>\n\t\t\t\t<\/div>\n\t\t<div class=\"elementor-element elementor-element-5fe5f7b e-con-full e-flex e-con e-child\" data-id=\"5fe5f7b\" data-element_type=\"container\" data-e-type=\"container\">\n\t\t\t\t<div class=\"elementor-element elementor-element-8aa3d98 elementor-cta--skin-classic elementor-animated-content elementor-bg-transform elementor-bg-transform-zoom-in elementor-widget elementor-widget-call-to-action\" data-id=\"8aa3d98\" data-element_type=\"widget\" data-e-type=\"widget\" data-widget_type=\"call-to-action.default\">\n\t\t\t\t<div class=\"elementor-widget-container\">\n\t\t\t\t\t\t\t<div class=\"elementor-cta\">\n\t\t\t\t\t<div class=\"elementor-cta__bg-wrapper\">\n\t\t\t\t<div class=\"elementor-cta__bg elementor-bg\" style=\"background-image: url(https:\/\/joklamus.is\/wp-content\/uploads\/2022\/09\/Joklamus-Varagraedir-front-1-600x600.png);\" role=\"img\" aria-label=\"J\u00f6klam\u00fas Varagr\u00e6\u00f0ir front\"><\/div>\n\t\t\t\t<div class=\"elementor-cta__bg-overlay\"><\/div>\n\t\t\t<\/div>\n\t\t\t\t\t\t\t<div class=\"elementor-cta__content\">\n\t\t\t\t\n\t\t\t\t\t\t\t\t\t<h2 class=\"elementor-cta__title elementor-cta__content-item elementor-content-item\">\n\t\t\t\t\t\tJ\u00f6klam\u00fas Varagr\u00e6\u00f0ir \t\t\t\t\t<\/h2>\n\t\t\t\t\n\t\t\t\t\t\t\t\t\t<div class=\"elementor-cta__description elementor-cta__content-item elementor-content-item\">\n\t\t\t\t\t\tVirkar s\u00e9rstaklega vel \u00e1 vara\u00feurk og sprungnar varir\t\t\t\t\t<\/div>\n\t\t\t\t\n\t\t\t\t\t\t\t\t\t<div class=\"elementor-cta__button-wrapper elementor-cta__content-item elementor-content-item \">\n\t\t\t\t\t<a class=\"elementor-cta__button elementor-button elementor-size-\" href=\"https:\/\/joklamus.is\/index.php\/product\/joklamus-varagraedir\/\">\n\t\t\t\t\t\tKaupa\t\t\t\t\t<\/a>\n\t\t\t\t\t<\/div>\n\t\t\t\t\t\t\t<\/div>\n\t\t\t\t\t\t<\/div>\n\t\t\t\t\t\t<\/div>\n\t\t\t\t<\/div>\n\t\t\t\t<\/div>\n\t\t<div class=\"elementor-element elementor-element-a0891ce e-con-full e-flex e-con e-child\" data-id=\"a0891ce\" data-element_type=\"container\" data-e-type=\"container\">\n\t\t\t\t<div class=\"elementor-element elementor-element-e5ff9c3 elementor-cta--skin-classic elementor-animated-content elementor-bg-transform elementor-bg-transform-zoom-in elementor-widget elementor-widget-call-to-action\" data-id=\"e5ff9c3\" data-element_type=\"widget\" data-e-type=\"widget\" data-widget_type=\"call-to-action.default\">\n\t\t\t\t<div class=\"elementor-widget-container\">\n\t\t\t\t\t\t\t<div class=\"elementor-cta\">\n\t\t\t\t\t<div class=\"elementor-cta__bg-wrapper\">\n\t\t\t\t<div class=\"elementor-cta__bg elementor-bg\" style=\"background-image: url(https:\/\/joklamus.is\/wp-content\/uploads\/2022\/09\/Joklamus-Brjosta-Bossakrem-front-1-600x600.png);\" role=\"img\" aria-label=\"J\u00f6klam\u00fas Brj\u00f3sta &amp; Bossakrem front\"><\/div>\n\t\t\t\t<div class=\"elementor-cta__bg-overlay\"><\/div>\n\t\t\t<\/div>\n\t\t\t\t\t\t\t<div class=\"elementor-cta__content\">\n\t\t\t\t\n\t\t\t\t\t\t\t\t\t<h2 class=\"elementor-cta__title elementor-cta__content-item elementor-content-item\">\n\t\t\t\t\t\tBrj\u00f3sta- og Bossakrem\t\t\t\t\t<\/h2>\n\t\t\t\t\n\t\t\t\t\t\t\t\t\t<div class=\"elementor-cta__description elementor-cta__content-item elementor-content-item\">\n\t\t\t\t\t\tVirkar s\u00e9rstaklega vel \u00e1 s\u00e1rar geirv\u00f6rtur og rau\u00f0a bleyjubossa\u200b\t\t\t\t\t<\/div>\n\t\t\t\t\n\t\t\t\t\t\t\t\t\t<div class=\"elementor-cta__button-wrapper elementor-cta__content-item elementor-content-item \">\n\t\t\t\t\t<a class=\"elementor-cta__button elementor-button elementor-size-\" href=\"https:\/\/joklamus.is\/index.php\/product\/joklamus-graedir-15-ml\/\">\n\t\t\t\t\t\tKaupa\t\t\t\t\t<\/a>\n\t\t\t\t\t<\/div>\n\t\t\t\t\t\t\t<\/div>\n\t\t\t\t\t\t<\/div>\n\t\t\t\t\t\t<\/div>\n\t\t\t\t<\/div>\n\t\t\t\t<\/div>\n\t\t\t\t<\/div>\n\t\t<div class=\"elementor-element elementor-element-0a494ba e-grid e-con-boxed e-con e-parent\" data-id=\"0a494ba\" data-element_type=\"container\" data-e-type=\"container\">\n\t\t\t\t\t<div class=\"e-con-inner\">\n\t\t\t\t<div class=\"elementor-element elementor-element-c8a3cd7 elementor-widget elementor-widget-text-editor\" data-id=\"c8a3cd7\" data-element_type=\"widget\" data-e-type=\"widget\" data-widget_type=\"text-editor.default\">\n\t\t\t\t<div class=\"elementor-widget-container\">\n\t\t\t\t\t\t\t\t\t<h2 data-start=\"941\" data-end=\"964\">J\u00f6klam\u00fas hj\u00e1lpar vi\u00f0<\/h2><p data-start=\"966\" data-end=\"1074\"><strong>\ud83d\udd25 Brunas\u00e1r<\/strong><br data-start=\"977\" data-end=\"980\" \/><strong>\u26bd Gervigrasbruna<\/strong><br data-start=\"996\" data-end=\"999\" \/><strong>\ud83d\udc76 Bleyjus\u00e1r<\/strong><br data-start=\"1011\" data-end=\"1014\" \/><strong>\u2744\ufe0f Sprungnar varir<\/strong><br data-start=\"1032\" data-end=\"1035\" \/><strong>\ud83e\uddf4 \u00deurrk og exem<\/strong><br data-start=\"1051\" data-end=\"1054\" \/><strong>\ud83e\ude79 S\u00e1r og H\u00fa\u00f0ertingu<\/strong><\/p>\t\t\t\t\t\t\t\t<\/div>\n\t\t\t\t<\/div>\n\t\t\t\t<div class=\"elementor-element elementor-element-52adb99 elementor-testimonial--skin-default elementor-testimonial--layout-image_inline elementor-testimonial--align-center elementor-arrows-yes elementor-pagination-type-bullets elementor-widget elementor-widget-testimonial-carousel\" data-id=\"52adb99\" data-element_type=\"widget\" data-e-type=\"widget\" data-settings=\"{&quot;show_arrows&quot;:&quot;yes&quot;,&quot;pagination&quot;:&quot;bullets&quot;,&quot;speed&quot;:500,&quot;autoplay&quot;:&quot;yes&quot;,&quot;autoplay_speed&quot;:5000,&quot;loop&quot;:&quot;yes&quot;,&quot;pause_on_hover&quot;:&quot;yes&quot;,&quot;pause_on_interaction&quot;:&quot;yes&quot;,&quot;space_between&quot;:{&quot;unit&quot;:&quot;px&quot;,&quot;size&quot;:10,&quot;sizes&quot;:[]},&quot;space_between_tablet&quot;:{&quot;unit&quot;:&quot;px&quot;,&quot;size&quot;:10,&quot;sizes&quot;:[]},&quot;space_between_mobile&quot;:{&quot;unit&quot;:&quot;px&quot;,&quot;size&quot;:10,&quot;sizes&quot;:[]}}\" data-widget_type=\"testimonial-carousel.default\">\n\t\t\t\t<div class=\"elementor-widget-container\">\n\t\t\t\t\t\t\t\t\t<div class=\"elementor-swiper\">\n\t\t\t\t\t<div class=\"elementor-main-swiper swiper\" role=\"region\" aria-roledescription=\"carousel\" aria-label=\"Slides\">\n\t\t\t\t<div class=\"swiper-wrapper\">\n\t\t\t\t\t\t\t\t\t\t\t<div class=\"swiper-slide\" role=\"group\" aria-roledescription=\"slide\">\n\t\t\t\t\t\t\t\t\t<div class=\"elementor-testimonial\">\n\t\t\t\t\t\t\t<div class=\"elementor-testimonial__content\">\n\t\t\t\t\t<div class=\"elementor-testimonial__text\">\n\t\t\t\t\t\t\u201cVirkar \u00f3tr\u00falega vel \u00e1 gervigrasbruna hj\u00e1 str\u00e1knum m\u00ednum.\u201d\t\t\t\t\t<\/div>\n\t\t\t\t\t\t\t\t\t<\/div>\n\t\t\t\t\t\t<div class=\"elementor-testimonial__footer\">\n\t\t\t\t\t\t\t\t\t\t\t<\/div>\n\t\t<\/div>\n\t\t\t\t\t\t\t\t<\/div>\n\t\t\t\t\t\t\t\t\t\t\t<div class=\"swiper-slide\" role=\"group\" aria-roledescription=\"slide\">\n\t\t\t\t\t\t\t\t\t<div class=\"elementor-testimonial\">\n\t\t\t\t\t\t\t<div class=\"elementor-testimonial__content\">\n\t\t\t\t\t<div class=\"elementor-testimonial__text\">\n\t\t\t\t\t\t\u201cBesti varasalvinn sem \u00e9g hef pr\u00f3fa\u00f0.\u201d\t\t\t\t\t<\/div>\n\t\t\t\t\t\t\t\t\t<\/div>\n\t\t\t\t\t\t<div class=\"elementor-testimonial__footer\">\n\t\t\t\t\t\t\t\t\t\t\t<\/div>\n\t\t<\/div>\n\t\t\t\t\t\t\t\t<\/div>\n\t\t\t\t\t\t\t\t\t\t\t<div class=\"swiper-slide\" role=\"group\" aria-roledescription=\"slide\">\n\t\t\t\t\t\t\t\t\t<div class=\"elementor-testimonial\">\n\t\t\t\t\t\t\t<div class=\"elementor-testimonial__content\">\n\t\t\t\t\t<div class=\"elementor-testimonial__text\">\n\t\t\t\t\t\t\u201cBjarga\u00f0i h\u00fa\u00f0inni minni \u00ed kuldanum.\u201d\t\t\t\t\t<\/div>\n\t\t\t\t\t\t\t\t\t<\/div>\n\t\t\t\t\t\t<div class=\"elementor-testimonial__footer\">\n\t\t\t\t\t\t\t\t\t\t\t<\/div>\n\t\t<\/div>\n\t\t\t\t\t\t\t\t<\/div>\n\t\t\t\t\t\t\t\t\t<\/div>\n\t\t\t\t\t\t\t\t\t\t\t\t\t\t\t<div class=\"elementor-swiper-button elementor-swiper-button-prev\" role=\"button\" tabindex=\"0\" aria-label=\"Previous\">\n\t\t\t\t\t\t\t<i aria-hidden=\"true\" class=\"eicon-chevron-left\"><\/i>\t\t\t\t\t\t<\/div>\n\t\t\t\t\t\t<div class=\"elementor-swiper-button elementor-swiper-button-next\" role=\"button\" tabindex=\"0\" aria-label=\"Next\">\n\t\t\t\t\t\t\t<i aria-hidden=\"true\" class=\"eicon-chevron-right\"><\/i>\t\t\t\t\t\t<\/div>\n\t\t\t\t\t\t\t\t\t\t\t\t\t\t\t\t<div class=\"swiper-pagination\"><\/div>\n\t\t\t\t\t\t\t\t\t\t\t\t<\/div>\n\t\t\t\t<\/div>\n\t\t\t\t\t\t\t\t<\/div>\n\t\t\t\t<\/div>\n\t\t\t\t\t<\/div>\n\t\t\t\t<\/div>\n\t\t\t\t<\/div>\n\t\t","protected":false},"excerpt":{"rendered":"<p>N\u00e1tt\u00farulegt Gr\u00e6\u00f0andi Krem \u00far 18 \u00cdslenskum Jurtum Hj\u00e1lpar vi\u00f0 Brunas\u00e1r, \u00deurrk, Exem, Bleyjus\u00e1r og S\u00e1r. Handgert \u00e1 \u00cdslandi. J\u00f6klam\u00fas Gr\u00e6\u00f0ir N\u00e1tt\u00farulegur Gr\u00e6\u00f0ir \u00e1n allra aukaefna fyrir Bruna- og Nudds\u00e1r. Kaupa J\u00f6klam\u00fas Varagr\u00e6\u00f0ir Virkar s\u00e9rstaklega vel \u00e1 vara\u00feurk og sprungnar varir Kaupa Brj\u00f3sta- og Bossakrem Virkar s\u00e9rstaklega vel \u00e1 s\u00e1rar geirv\u00f6rtur og rau\u00f0a bleyjubossa\u200b Kaupa J\u00f6klam\u00fas [&hellip;]<\/p>\n","protected":false},"author":1,"featured_media":0,"parent":0,"menu_order":0,"comment_status":"closed","ping_status":"closed","template":"elementor_header_footer","meta":{"footnotes":""},"class_list":["post-14","page","type-page","status-publish","hentry"],"blocksy_meta":{"styles_descriptor":{"styles":{"desktop":"","tablet":"","mobile":""},"google_fonts":[],"version":6}},"yoast_head":"<!-- This site is optimized with the Yoast SEO plugin v27.4 - https:\/\/yoast.com\/product\/yoast-seo-wordpress\/ -->\n<title>J\u00f6klam\u00fas - J\u00f6klam\u00fas Gr\u00e6\u00f0ir<\/title>\n<meta name=\"robots\" content=\"index, follow, max-snippet:-1, max-image-preview:large, max-video-preview:-1\" \/>\n<link rel=\"canonical\" href=\"https:\/\/joklamus.is\/\" \/>\n<meta property=\"og:locale\" content=\"en_US\" \/>\n<meta property=\"og:type\" content=\"article\" \/>\n<meta property=\"og:title\" content=\"J\u00f6klam\u00fas - J\u00f6klam\u00fas Gr\u00e6\u00f0ir\" \/>\n<meta property=\"og:description\" content=\"N\u00e1tt\u00farulegt Gr\u00e6\u00f0andi Krem \u00far 18 \u00cdslenskum Jurtum Hj\u00e1lpar vi\u00f0 Brunas\u00e1r, \u00deurrk, Exem, Bleyjus\u00e1r og S\u00e1r. Handgert \u00e1 \u00cdslandi. J\u00f6klam\u00fas Gr\u00e6\u00f0ir N\u00e1tt\u00farulegur Gr\u00e6\u00f0ir \u00e1n allra aukaefna fyrir Bruna- og Nudds\u00e1r. Kaupa J\u00f6klam\u00fas Varagr\u00e6\u00f0ir Virkar s\u00e9rstaklega vel \u00e1 vara\u00feurk og sprungnar varir Kaupa Brj\u00f3sta- og Bossakrem Virkar s\u00e9rstaklega vel \u00e1 s\u00e1rar geirv\u00f6rtur og rau\u00f0a bleyjubossa\u200b Kaupa J\u00f6klam\u00fas [&hellip;]\" \/>\n<meta property=\"og:url\" content=\"https:\/\/joklamus.is\/\" \/>\n<meta property=\"og:site_name\" content=\"J\u00f6klam\u00fas Gr\u00e6\u00f0ir\" \/>\n<meta property=\"article:modified_time\" content=\"2026-03-05T19:52:06+00:00\" \/>\n<meta name=\"twitter:card\" content=\"summary_large_image\" \/>\n<meta name=\"twitter:label1\" content=\"Est. reading time\" \/>\n\t<meta name=\"twitter:data1\" content=\"1 minute\" \/>\n<script type=\"application\/ld+json\" class=\"yoast-schema-graph\">{\"@context\":\"https:\\\/\\\/schema.org\",\"@graph\":[{\"@type\":\"WebPage\",\"@id\":\"https:\\\/\\\/joklamus.is\\\/\",\"url\":\"https:\\\/\\\/joklamus.is\\\/\",\"name\":\"J\u00f6klam\u00fas - J\u00f6klam\u00fas Gr\u00e6\u00f0ir\",\"isPartOf\":{\"@id\":\"https:\\\/\\\/joklamus.is\\\/#website\"},\"datePublished\":\"2022-09-15T15:42:17+00:00\",\"dateModified\":\"2026-03-05T19:52:06+00:00\",\"breadcrumb\":{\"@id\":\"https:\\\/\\\/joklamus.is\\\/#breadcrumb\"},\"inLanguage\":\"en-US\",\"potentialAction\":[{\"@type\":\"ReadAction\",\"target\":[\"https:\\\/\\\/joklamus.is\\\/\"]}]},{\"@type\":\"BreadcrumbList\",\"@id\":\"https:\\\/\\\/joklamus.is\\\/#breadcrumb\",\"itemListElement\":[{\"@type\":\"ListItem\",\"position\":1,\"name\":\"Home\",\"item\":\"https:\\\/\\\/joklamus.is\\\/\"},{\"@type\":\"ListItem\",\"position\":2,\"name\":\"J\u00f6klam\u00fas\"}]},{\"@type\":\"WebSite\",\"@id\":\"https:\\\/\\\/joklamus.is\\\/#website\",\"url\":\"https:\\\/\\\/joklamus.is\\\/\",\"name\":\"J\u00f6klam\u00fas Gr\u00e6\u00f0ir\",\"description\":\"N\u00e1tt\u00farulegur Gr\u00e6\u00f0ir fyrir Brunas\u00e1r og Varir\",\"potentialAction\":[{\"@type\":\"SearchAction\",\"target\":{\"@type\":\"EntryPoint\",\"urlTemplate\":\"https:\\\/\\\/joklamus.is\\\/?s={search_term_string}\"},\"query-input\":{\"@type\":\"PropertyValueSpecification\",\"valueRequired\":true,\"valueName\":\"search_term_string\"}}],\"inLanguage\":\"en-US\"}]}<\/script>\n<!-- \/ Yoast SEO plugin. -->","yoast_head_json":{"title":"J\u00f6klam\u00fas - J\u00f6klam\u00fas Gr\u00e6\u00f0ir","robots":{"index":"index","follow":"follow","max-snippet":"max-snippet:-1","max-image-preview":"max-image-preview:large","max-video-preview":"max-video-preview:-1"},"canonical":"https:\/\/joklamus.is\/","og_locale":"en_US","og_type":"article","og_title":"J\u00f6klam\u00fas - J\u00f6klam\u00fas Gr\u00e6\u00f0ir","og_description":"N\u00e1tt\u00farulegt Gr\u00e6\u00f0andi Krem \u00far 18 \u00cdslenskum Jurtum Hj\u00e1lpar vi\u00f0 Brunas\u00e1r, \u00deurrk, Exem, Bleyjus\u00e1r og S\u00e1r. Handgert \u00e1 \u00cdslandi. J\u00f6klam\u00fas Gr\u00e6\u00f0ir N\u00e1tt\u00farulegur Gr\u00e6\u00f0ir \u00e1n allra aukaefna fyrir Bruna- og Nudds\u00e1r. Kaupa J\u00f6klam\u00fas Varagr\u00e6\u00f0ir Virkar s\u00e9rstaklega vel \u00e1 vara\u00feurk og sprungnar varir Kaupa Brj\u00f3sta- og Bossakrem Virkar s\u00e9rstaklega vel \u00e1 s\u00e1rar geirv\u00f6rtur og rau\u00f0a bleyjubossa\u200b Kaupa J\u00f6klam\u00fas [&hellip;]","og_url":"https:\/\/joklamus.is\/","og_site_name":"J\u00f6klam\u00fas Gr\u00e6\u00f0ir","article_modified_time":"2026-03-05T19:52:06+00:00","twitter_card":"summary_large_image","twitter_misc":{"Est. reading time":"1 minute"},"schema":{"@context":"https:\/\/schema.org","@graph":[{"@type":"WebPage","@id":"https:\/\/joklamus.is\/","url":"https:\/\/joklamus.is\/","name":"J\u00f6klam\u00fas - J\u00f6klam\u00fas Gr\u00e6\u00f0ir","isPartOf":{"@id":"https:\/\/joklamus.is\/#website"},"datePublished":"2022-09-15T15:42:17+00:00","dateModified":"2026-03-05T19:52:06+00:00","breadcrumb":{"@id":"https:\/\/joklamus.is\/#breadcrumb"},"inLanguage":"en-US","potentialAction":[{"@type":"ReadAction","target":["https:\/\/joklamus.is\/"]}]},{"@type":"BreadcrumbList","@id":"https:\/\/joklamus.is\/#breadcrumb","itemListElement":[{"@type":"ListItem","position":1,"name":"Home","item":"https:\/\/joklamus.is\/"},{"@type":"ListItem","position":2,"name":"J\u00f6klam\u00fas"}]},{"@type":"WebSite","@id":"https:\/\/joklamus.is\/#website","url":"https:\/\/joklamus.is\/","name":"J\u00f6klam\u00fas Gr\u00e6\u00f0ir","description":"N\u00e1tt\u00farulegur Gr\u00e6\u00f0ir fyrir Brunas\u00e1r og Varir","potentialAction":[{"@type":"SearchAction","target":{"@type":"EntryPoint","urlTemplate":"https:\/\/joklamus.is\/?s={search_term_string}"},"query-input":{"@type":"PropertyValueSpecification","valueRequired":true,"valueName":"search_term_string"}}],"inLanguage":"en-US"}]}},"_links":{"self":[{"href":"https:\/\/joklamus.is\/index.php\/wp-json\/wp\/v2\/pages\/14","targetHints":{"allow":["GET"]}}],"collection":[{"href":"https:\/\/joklamus.is\/index.php\/wp-json\/wp\/v2\/pages"}],"about":[{"href":"https:\/\/joklamus.is\/index.php\/wp-json\/wp\/v2\/types\/page"}],"author":[{"embeddable":true,"href":"https:\/\/joklamus.is\/index.php\/wp-json\/wp\/v2\/users\/1"}],"replies":[{"embeddable":true,"href":"https:\/\/joklamus.is\/index.php\/wp-json\/wp\/v2\/comments?post=14"}],"version-history":[{"count":55,"href":"https:\/\/joklamus.is\/index.php\/wp-json\/wp\/v2\/pages\/14\/revisions"}],"predecessor-version":[{"id":411,"href":"https:\/\/joklamus.is\/index.php\/wp-json\/wp\/v2\/pages\/14\/revisions\/411"}],"wp:attachment":[{"href":"https:\/\/joklamus.is\/index.php\/wp-json\/wp\/v2\/media?parent=14"}],"curies":[{"name":"wp","href":"https:\/\/api.w.org\/{rel}","templated":true}]}}